{"id":959,"date":"2026-04-08T12:01:55","date_gmt":"2026-04-08T12:01:55","guid":{"rendered":"https:\/\/ambacongo.de\/paesse\/"},"modified":"2026-04-12T11:29:46","modified_gmt":"2026-04-12T11:29:46","slug":"paesse","status":"publish","type":"page","link":"https:\/\/ambacongo.de\/de\/paesse\/","title":{"rendered":"P\u00e4sse"},"content":{"rendered":"\t\t<div data-elementor-type=\"wp-page\" data-elementor-id=\"959\" class=\"elementor elementor-959 elementor-438\">\n\t\t\t\t<div class=\"elementor-element elementor-element-2052d3e e-flex e-con-boxed e-con e-parent\" data-id=\"2052d3e\" data-element_type=\"container\" data-e-type=\"container\">\n\t\t\t\t\t<div class=\"e-con-inner\">\n\t\t\t\t<div class=\"elementor-element elementor-element-f09241c elementor-widget elementor-widget-heading\" data-id=\"f09241c\" data-element_type=\"widget\" data-e-type=\"widget\" data-widget_type=\"heading.default\">\n\t\t\t\t\t<h1 class=\"elementor-heading-title elementor-size-default\">Antrag und Erneuerung von Reisep\u00e4ssen<\/h1>\t\t\t\t<\/div>\n\t\t\t\t<div class=\"elementor-element elementor-element-8b0d177 elementor-widget elementor-widget-heading\" data-id=\"8b0d177\" data-element_type=\"widget\" data-e-type=\"widget\" data-widget_type=\"heading.default\">\n\t\t\t\t\t<h2 class=\"elementor-heading-title elementor-size-default\">Die Dienste zur Ausstellung von Reisep\u00e4ssen werden derzeit nicht von der Botschaft der Republik Kongo in Deutschland erbracht. Antragsteller werden gebeten, sich an die Botschaft der Republik Kongo in Frankreich zu wenden, indem sie auf die untenstehende Schaltfl\u00e4che klicken.<\/h2>\t\t\t\t<\/div>\n\t\t\t\t<div class=\"elementor-element elementor-element-c9a00ec elementor-align-center elementor-widget elementor-widget-button\" data-id=\"c9a00ec\" data-element_type=\"widget\" data-e-type=\"widget\" data-widget_type=\"button.default\">\n\t\t\t\t\t\t\t\t\t\t<a class=\"elementor-button elementor-button-link elementor-size-sm\" href=\"https:\/\/ambacongofr.org\/index.php\/services-consulaires\/passeport\" target=\"_blank\">\n\t\t\t\t\t\t<span class=\"elementor-button-content-wrapper\">\n\t\t\t\t\t\t\t\t\t<span class=\"elementor-button-text\">BOTSCHAFT DER REPUBLIK KONGO IN FRANKREICH<\/span>\n\t\t\t\t\t<\/span>\n\t\t\t\t\t<\/a>\n\t\t\t\t\t\t\t\t<\/div>\n\t\t\t\t\t<\/div>\n\t\t\t\t<\/div>\n\t\t\t\t<\/div>\n\t\t","protected":false},"excerpt":{"rendered":"<p>Antrag und Erneuerung von Reisep\u00e4ssen Die Dienste zur Ausstellung von Reisep\u00e4ssen werden derzeit nicht von der Botschaft der Republik Kongo [&hellip;]<\/p>\n","protected":false},"author":1,"featured_media":0,"parent":0,"menu_order":0,"comment_status":"closed","ping_status":"closed","template":"elementor_header_footer","meta":{"site-sidebar-layout":"no-sidebar","site-content-layout":"","ast-site-content-layout":"full-width-container","site-content-style":"default","site-sidebar-style":"default","ast-global-header-display":"","ast-banner-title-visibility":"","ast-main-header-display":"","ast-hfb-above-header-display":"","ast-hfb-below-header-display":"","ast-hfb-mobile-header-display":"","site-post-title":"disabled","ast-breadcrumbs-content":"","ast-featured-img":"disabled","footer-sml-layout":"","ast-disable-related-posts":"","theme-transparent-header-meta":"","adv-header-id-meta":"","stick-header-meta":"","header-above-stick-meta":"","header-main-stick-meta":"","header-below-stick-meta":"","astra-migrate-meta-layouts":"default","ast-page-background-enabled":"default","ast-page-background-meta":{"desktop":{"background-color":"var(--ast-global-color-5)","background-image":"","background-repeat":"repeat","background-position":"center center","background-size":"auto","background-attachment":"scroll","background-type":"","background-media":"","overlay-type":"","overlay-color":"","overlay-opacity":"","overlay-gradient":""},"tablet":{"background-color":"","background-image":"","background-repeat":"repeat","background-position":"center center","background-size":"auto","background-attachment":"scroll","background-type":"","background-media":"","overlay-type":"","overlay-color":"","overlay-opacity":"","overlay-gradient":""},"mobile":{"background-color":"","background-image":"","background-repeat":"repeat","background-position":"center center","background-size":"auto","background-attachment":"scroll","background-type":"","background-media":"","overlay-type":"","overlay-color":"","overlay-opacity":"","overlay-gradient":""}},"ast-content-background-meta":{"desktop":{"background-color":"var(--ast-global-color-4)","background-image":"","background-repeat":"repeat","background-position":"center center","background-size":"auto","background-attachment":"scroll","background-type":"","background-media":"","overlay-type":"","overlay-color":"","overlay-opacity":"","overlay-gradient":""},"tablet":{"background-color":"var(--ast-global-color-4)","background-image":"","background-repeat":"repeat","background-position":"center center","background-size":"auto","background-attachment":"scroll","background-type":"","background-media":"","overlay-type":"","overlay-color":"","overlay-opacity":"","overlay-gradient":""},"mobile":{"background-color":"var(--ast-global-color-4)","background-image":"","background-repeat":"repeat","background-position":"center center","background-size":"auto","background-attachment":"scroll","background-type":"","background-media":"","overlay-type":"","overlay-color":"","overlay-opacity":"","overlay-gradient":""}},"footnotes":""},"class_list":["post-959","page","type-page","status-publish","hentry"],"yoast_head":"<!-- This site is optimized with the Yoast SEO plugin v27.4 - https:\/\/yoast.com\/product\/yoast-seo-wordpress\/ -->\n<title>P\u00e4sse - AMBASSADE DU CONGO EN ALLEMAGNE<\/title>\n<meta name=\"robots\" content=\"index, follow, max-snippet:-1, max-image-preview:large, max-video-preview:-1\" \/>\n<link rel=\"canonical\" href=\"http:\/\/ambacongo.de\/de\/paesse\/\" \/>\n<meta property=\"og:locale\" content=\"de_DE\" \/>\n<meta property=\"og:type\" content=\"article\" \/>\n<meta property=\"og:title\" content=\"P\u00e4sse - AMBASSADE DU CONGO EN ALLEMAGNE\" \/>\n<meta property=\"og:description\" content=\"Antrag und Erneuerung von Reisep\u00e4ssen Die Dienste zur Ausstellung von Reisep\u00e4ssen werden derzeit nicht von der Botschaft der Republik Kongo [&hellip;]\" \/>\n<meta property=\"og:url\" content=\"http:\/\/ambacongo.de\/de\/paesse\/\" \/>\n<meta property=\"og:site_name\" content=\"AMBASSADE DU CONGO EN ALLEMAGNE\" \/>\n<meta property=\"article:publisher\" content=\"https:\/\/www.facebook.com\/profile.php?id=61551694221055&amp;locale=fr_FR\" \/>\n<meta property=\"article:modified_time\" content=\"2026-04-12T11:29:46+00:00\" \/>\n<meta name=\"twitter:card\" content=\"summary_large_image\" \/>\n<meta name=\"twitter:site\" content=\"@CongoAllemagne\" \/>\n<meta name=\"twitter:label1\" content=\"Gesch\u00e4tzte Lesezeit\" \/>\n\t<meta name=\"twitter:data1\" content=\"1\u00a0Minute\" \/>\n<script type=\"application\/ld+json\" class=\"yoast-schema-graph\">{\"@context\":\"https:\\\/\\\/schema.org\",\"@graph\":[{\"@type\":\"WebPage\",\"@id\":\"http:\\\/\\\/ambacongo.de\\\/de\\\/paesse\\\/\",\"url\":\"http:\\\/\\\/ambacongo.de\\\/de\\\/paesse\\\/\",\"name\":\"P\u00e4sse - AMBASSADE DU CONGO EN ALLEMAGNE\",\"isPartOf\":{\"@id\":\"https:\\\/\\\/ambacongo.de\\\/#website\"},\"datePublished\":\"2026-04-08T12:01:55+00:00\",\"dateModified\":\"2026-04-12T11:29:46+00:00\",\"breadcrumb\":{\"@id\":\"http:\\\/\\\/ambacongo.de\\\/de\\\/paesse\\\/#breadcrumb\"},\"inLanguage\":\"de\",\"potentialAction\":[{\"@type\":\"ReadAction\",\"target\":[\"http:\\\/\\\/ambacongo.de\\\/de\\\/paesse\\\/\"]}]},{\"@type\":\"BreadcrumbList\",\"@id\":\"http:\\\/\\\/ambacongo.de\\\/de\\\/paesse\\\/#breadcrumb\",\"itemListElement\":[{\"@type\":\"ListItem\",\"position\":1,\"name\":\"Accueil\",\"item\":\"https:\\\/\\\/ambacongo.de\\\/de\\\/\"},{\"@type\":\"ListItem\",\"position\":2,\"name\":\"P\u00e4sse\"}]},{\"@type\":\"WebSite\",\"@id\":\"https:\\\/\\\/ambacongo.de\\\/#website\",\"url\":\"https:\\\/\\\/ambacongo.de\\\/\",\"name\":\"Ambassade de la R\u00e9publique du Congo en Allemagne\",\"description\":\"\",\"publisher\":{\"@id\":\"https:\\\/\\\/ambacongo.de\\\/#organization\"},\"potentialAction\":[{\"@type\":\"SearchAction\",\"target\":{\"@type\":\"EntryPoint\",\"urlTemplate\":\"https:\\\/\\\/ambacongo.de\\\/?s={search_term_string}\"},\"query-input\":{\"@type\":\"PropertyValueSpecification\",\"valueRequired\":true,\"valueName\":\"search_term_string\"}}],\"inLanguage\":\"de\"},{\"@type\":\"Organization\",\"@id\":\"https:\\\/\\\/ambacongo.de\\\/#organization\",\"name\":\"Ambassade de la R\u00e9publique du Congo en Allemagne\",\"alternateName\":\"Ambassade du Congo Brazzaville en Allemagne\",\"url\":\"https:\\\/\\\/ambacongo.de\\\/\",\"logo\":{\"@type\":\"ImageObject\",\"inLanguage\":\"de\",\"@id\":\"https:\\\/\\\/ambacongo.de\\\/#\\\/schema\\\/logo\\\/image\\\/\",\"url\":\"http:\\\/\\\/ambacongo.de\\\/wp-content\\\/uploads\\\/2026\\\/03\\\/IMG_5515.jpg\",\"contentUrl\":\"http:\\\/\\\/ambacongo.de\\\/wp-content\\\/uploads\\\/2026\\\/03\\\/IMG_5515.jpg\",\"width\":1920,\"height\":1882,\"caption\":\"Ambassade de la R\u00e9publique du Congo en Allemagne\"},\"image\":{\"@id\":\"https:\\\/\\\/ambacongo.de\\\/#\\\/schema\\\/logo\\\/image\\\/\"},\"sameAs\":[\"https:\\\/\\\/www.facebook.com\\\/profile.php?id=61551694221055&locale=fr_FR\",\"https:\\\/\\\/x.com\\\/CongoAllemagne\",\"https:\\\/\\\/www.linkedin.com\\\/company\\\/amabassade-du-congo-en-allemagne\\\/\"]}]}<\/script>\n<!-- \/ Yoast SEO plugin. -->","yoast_head_json":{"title":"P\u00e4sse - AMBASSADE DU CONGO EN ALLEMAGNE","robots":{"index":"index","follow":"follow","max-snippet":"max-snippet:-1","max-image-preview":"max-image-preview:large","max-video-preview":"max-video-preview:-1"},"canonical":"http:\/\/ambacongo.de\/de\/paesse\/","og_locale":"de_DE","og_type":"article","og_title":"P\u00e4sse - AMBASSADE DU CONGO EN ALLEMAGNE","og_description":"Antrag und Erneuerung von Reisep\u00e4ssen Die Dienste zur Ausstellung von Reisep\u00e4ssen werden derzeit nicht von der Botschaft der Republik Kongo [&hellip;]","og_url":"http:\/\/ambacongo.de\/de\/paesse\/","og_site_name":"AMBASSADE DU CONGO EN ALLEMAGNE","article_publisher":"https:\/\/www.facebook.com\/profile.php?id=61551694221055&locale=fr_FR","article_modified_time":"2026-04-12T11:29:46+00:00","twitter_card":"summary_large_image","twitter_site":"@CongoAllemagne","twitter_misc":{"Gesch\u00e4tzte Lesezeit":"1\u00a0Minute"},"schema":{"@context":"https:\/\/schema.org","@graph":[{"@type":"WebPage","@id":"http:\/\/ambacongo.de\/de\/paesse\/","url":"http:\/\/ambacongo.de\/de\/paesse\/","name":"P\u00e4sse - AMBASSADE DU CONGO EN ALLEMAGNE","isPartOf":{"@id":"https:\/\/ambacongo.de\/#website"},"datePublished":"2026-04-08T12:01:55+00:00","dateModified":"2026-04-12T11:29:46+00:00","breadcrumb":{"@id":"http:\/\/ambacongo.de\/de\/paesse\/#breadcrumb"},"inLanguage":"de","potentialAction":[{"@type":"ReadAction","target":["http:\/\/ambacongo.de\/de\/paesse\/"]}]},{"@type":"BreadcrumbList","@id":"http:\/\/ambacongo.de\/de\/paesse\/#breadcrumb","itemListElement":[{"@type":"ListItem","position":1,"name":"Accueil","item":"https:\/\/ambacongo.de\/de\/"},{"@type":"ListItem","position":2,"name":"P\u00e4sse"}]},{"@type":"WebSite","@id":"https:\/\/ambacongo.de\/#website","url":"https:\/\/ambacongo.de\/","name":"Ambassade de la R\u00e9publique du Congo en Allemagne","description":"","publisher":{"@id":"https:\/\/ambacongo.de\/#organization"},"potentialAction":[{"@type":"SearchAction","target":{"@type":"EntryPoint","urlTemplate":"https:\/\/ambacongo.de\/?s={search_term_string}"},"query-input":{"@type":"PropertyValueSpecification","valueRequired":true,"valueName":"search_term_string"}}],"inLanguage":"de"},{"@type":"Organization","@id":"https:\/\/ambacongo.de\/#organization","name":"Ambassade de la R\u00e9publique du Congo en Allemagne","alternateName":"Ambassade du Congo Brazzaville en Allemagne","url":"https:\/\/ambacongo.de\/","logo":{"@type":"ImageObject","inLanguage":"de","@id":"https:\/\/ambacongo.de\/#\/schema\/logo\/image\/","url":"http:\/\/ambacongo.de\/wp-content\/uploads\/2026\/03\/IMG_5515.jpg","contentUrl":"http:\/\/ambacongo.de\/wp-content\/uploads\/2026\/03\/IMG_5515.jpg","width":1920,"height":1882,"caption":"Ambassade de la R\u00e9publique du Congo en Allemagne"},"image":{"@id":"https:\/\/ambacongo.de\/#\/schema\/logo\/image\/"},"sameAs":["https:\/\/www.facebook.com\/profile.php?id=61551694221055&locale=fr_FR","https:\/\/x.com\/CongoAllemagne","https:\/\/www.linkedin.com\/company\/amabassade-du-congo-en-allemagne\/"]}]}},"_links":{"self":[{"href":"https:\/\/ambacongo.de\/de\/wp-json\/wp\/v2\/pages\/959","targetHints":{"allow":["GET"]}}],"collection":[{"href":"https:\/\/ambacongo.de\/de\/wp-json\/wp\/v2\/pages"}],"about":[{"href":"https:\/\/ambacongo.de\/de\/wp-json\/wp\/v2\/types\/page"}],"author":[{"embeddable":true,"href":"https:\/\/ambacongo.de\/de\/wp-json\/wp\/v2\/users\/1"}],"replies":[{"embeddable":true,"href":"https:\/\/ambacongo.de\/de\/wp-json\/wp\/v2\/comments?post=959"}],"version-history":[{"count":2,"href":"https:\/\/ambacongo.de\/de\/wp-json\/wp\/v2\/pages\/959\/revisions"}],"predecessor-version":[{"id":995,"href":"https:\/\/ambacongo.de\/de\/wp-json\/wp\/v2\/pages\/959\/revisions\/995"}],"wp:attachment":[{"href":"https:\/\/ambacongo.de\/de\/wp-json\/wp\/v2\/media?parent=959"}],"curies":[{"name":"wp","href":"https:\/\/api.w.org\/{rel}","templated":true}]}}