{"id":894,"date":"2026-04-07T18:35:49","date_gmt":"2026-04-07T18:35:49","guid":{"rendered":"https:\/\/ambacongo.de\/visumantrag\/"},"modified":"2026-04-12T15:07:19","modified_gmt":"2026-04-12T15:07:19","slug":"visumantrag","status":"publish","type":"page","link":"https:\/\/ambacongo.de\/de\/visumantrag\/","title":{"rendered":"Visumantrag"},"content":{"rendered":"\t\t<div data-elementor-type=\"wp-page\" data-elementor-id=\"894\" class=\"elementor elementor-894 elementor-350\">\n\t\t\t\t<div class=\"elementor-element elementor-element-4e3a9ed e-flex e-con-boxed e-con e-parent\" data-id=\"4e3a9ed\" data-element_type=\"container\" data-e-type=\"container\">\n\t\t\t\t\t<div class=\"e-con-inner\">\n\t\t\t\t<div class=\"elementor-element elementor-element-adbc0c7 elementor-widget elementor-widget-heading\" data-id=\"adbc0c7\" data-element_type=\"widget\" data-e-type=\"widget\" data-widget_type=\"heading.default\">\n\t\t\t\t\t<h1 class=\"elementor-heading-title elementor-size-default\">Visumantrag<\/h1>\t\t\t\t<\/div>\n\t\t\t\t\t<\/div>\n\t\t\t\t<\/div>\n\t\t<div class=\"elementor-element elementor-element-d8a60d7 e-flex e-con-boxed e-con e-parent\" data-id=\"d8a60d7\" data-element_type=\"container\" data-e-type=\"container\">\n\t\t\t\t\t<div class=\"e-con-inner\">\n\t\t\t\t<div class=\"elementor-element elementor-element-b6fe802 elementor-widget elementor-widget-heading\" data-id=\"b6fe802\" data-element_type=\"widget\" data-e-type=\"widget\" data-widget_type=\"heading.default\">\n\t\t\t\t\t<h2 class=\"elementor-heading-title elementor-size-default\">Allgemeine Informationen<\/h2>\t\t\t\t<\/div>\n\t\t\t\t<div class=\"elementor-element elementor-element-dac2351 elementor-widget elementor-widget-heading\" data-id=\"dac2351\" data-element_type=\"widget\" data-e-type=\"widget\" data-widget_type=\"heading.default\">\n\t\t\t\t\t<h2 class=\"elementor-heading-title elementor-size-default\">Der Visumantrag f\u00fcr die Republik Kongo kann eingereicht werden:<br>\n\u2013 pers\u00f6nlich direkt beim Konsulardienst<br>\n\u2013 per Post<br>\n\u2013 \u00fcber einen ordnungsgem\u00e4\u00df bevollm\u00e4chtigten Visadienstleister.<br><\/h2>\t\t\t\t<\/div>\n\t\t\t\t\t<\/div>\n\t\t\t\t<\/div>\n\t\t<div class=\"elementor-element elementor-element-5d59e1e e-flex e-con-boxed e-con e-parent\" data-id=\"5d59e1e\" data-element_type=\"container\" data-e-type=\"container\">\n\t\t\t\t\t<div class=\"e-con-inner\">\n\t\t\t\t<div class=\"elementor-element elementor-element-67d35f5 elementor-widget elementor-widget-heading\" data-id=\"67d35f5\" data-element_type=\"widget\" data-e-type=\"widget\" data-widget_type=\"heading.default\">\n\t\t\t\t\t<h2 class=\"elementor-heading-title elementor-size-default\">Erforderliche Unterlagen<\/h2>\t\t\t\t<\/div>\n\t\t\t\t<div class=\"elementor-element elementor-element-603246f elementor-widget elementor-widget-heading\" data-id=\"603246f\" data-element_type=\"widget\" data-e-type=\"widget\" data-widget_type=\"heading.default\">\n\t\t\t\t\t<h2 class=\"elementor-heading-title elementor-size-default\">Der Visumantrag muss zwingend die folgenden Unterlagen enthalten:<br>\n\u2013 Reisepass mit einer Mindestg\u00fcltigkeit von sechs (6) Monaten<br>\n\u2013 vollst\u00e4ndig ausgef\u00fclltes und unterschriebenes Visumantragsformular<br>\n\u2013 zwei (2) aktuelle Passfotos<br>\n\u2013 Nachweis des Wohnsitzes oder der Aufenthaltserlaubnis in Deutschland<br>\n\u2013 Unterkunftsnachweis<br>\n\u2013 Nachweis einer Flugreservierung f\u00fcr Hin- und R\u00fcckreise<br>\n\u2013 Internationaler Impfausweis (Gelbfieber \u2013 verpflichtend).<br><\/h2>\t\t\t\t<\/div>\n\t\t\t\t\t<\/div>\n\t\t\t\t<\/div>\n\t\t<div class=\"elementor-element elementor-element-f1e23b3 e-flex e-con-boxed e-con e-parent\" data-id=\"f1e23b3\" data-element_type=\"container\" data-e-type=\"container\">\n\t\t\t\t\t<div class=\"e-con-inner\">\n\t\t\t\t<div class=\"elementor-element elementor-element-d742dca elementor-widget elementor-widget-heading\" data-id=\"d742dca\" data-element_type=\"widget\" data-e-type=\"widget\" data-widget_type=\"heading.default\">\n\t\t\t\t\t<h2 class=\"elementor-heading-title elementor-size-default\">Visageb\u00fchren<\/h2>\t\t\t\t<\/div>\n\t\t\t\t<div class=\"elementor-element elementor-element-81f9647 elementor-widget elementor-widget-heading\" data-id=\"81f9647\" data-element_type=\"widget\" data-e-type=\"widget\" data-widget_type=\"heading.default\">\n\t\t\t\t\t<h2 class=\"elementor-heading-title elementor-size-default\">Die Visageb\u00fchren sind wie folgt festgelegt:<br>\n\u2013 Visum mit einer G\u00fcltigkeit von einem (1) Monat, mehrfache Einreise: 110 \u20ac<br>\n\u2013 Visum mit einer G\u00fcltigkeit von drei (3) Monaten, mehrfache Einreise: 155 \u20ac<br>\n\u2013 Expressverfahren: doppelter des geltenden Tarifs, mit Bearbeitung am selben Tag.<br><\/h2>\t\t\t\t<\/div>\n\t\t\t\t\t<\/div>\n\t\t\t\t<\/div>\n\t\t<div class=\"elementor-element elementor-element-707179d e-flex e-con-boxed e-con e-parent\" data-id=\"707179d\" data-element_type=\"container\" data-e-type=\"container\">\n\t\t\t\t\t<div class=\"e-con-inner\">\n\t\t\t\t<div class=\"elementor-element elementor-element-dc95e10 elementor-widget elementor-widget-heading\" data-id=\"dc95e10\" data-element_type=\"widget\" data-e-type=\"widget\" data-widget_type=\"heading.default\">\n\t\t\t\t\t<h2 class=\"elementor-heading-title elementor-size-default\">\u00d6ffnungszeiten des Konsulardienstes<\/h2>\t\t\t\t<\/div>\n\t\t\t\t<div class=\"elementor-element elementor-element-cd1cec2 elementor-widget elementor-widget-heading\" data-id=\"cd1cec2\" data-element_type=\"widget\" data-e-type=\"widget\" data-widget_type=\"heading.default\">\n\t\t\t\t\t<h2 class=\"elementor-heading-title elementor-size-default\">Die Einreichung und Abholung von Visumantr\u00e4gen erfolgt von Montag bis Freitag, von 9:00 bis 15:00 Uhr.<\/h2>\t\t\t\t<\/div>\n\t\t\t\t<div class=\"elementor-element elementor-element-213f080 elementor-align-center elementor-tablet-align-center elementor-widget elementor-widget-button\" data-id=\"213f080\" data-element_type=\"widget\" data-e-type=\"widget\" data-widget_type=\"button.default\">\n\t\t\t\t\t\t\t\t\t\t<a class=\"elementor-button elementor-button-link elementor-size-sm\" href=\"http:\/\/ambacongo.de\/wp-content\/uploads\/2026\/04\/Dossier-visas-new-2.pdf\" target=\"_blank\">\n\t\t\t\t\t\t<span class=\"elementor-button-content-wrapper\">\n\t\t\t\t\t\t\t\t\t<span class=\"elementor-button-text\">Visumantragsformular<\/span>\n\t\t\t\t\t<\/span>\n\t\t\t\t\t<\/a>\n\t\t\t\t\t\t\t\t<\/div>\n\t\t\t\t<div class=\"elementor-element elementor-element-e37c3d0 elementor-widget elementor-widget-heading\" data-id=\"e37c3d0\" data-element_type=\"widget\" data-e-type=\"widget\" data-widget_type=\"heading.default\">\n\t\t\t\t\t<h2 class=\"elementor-heading-title elementor-size-default\">*Das Vorantragsformular f\u00fcr das Visum kann ebenfalls online ausgef\u00fcllt werden.<\/h2>\t\t\t\t<\/div>\n\t\t\t\t<div class=\"elementor-element elementor-element-622e4a3 elementor-widget elementor-widget-shortcode\" data-id=\"622e4a3\" data-element_type=\"widget\" data-e-type=\"widget\" data-widget_type=\"shortcode.default\">\n\t\t\t\t\t\t\t<div class=\"elementor-shortcode\"><style id=\"wpforms-css-vars-1047\">\n\t\t\t\t#wpforms-1047 {\n\t\t\t\t--wpforms-container-padding: 0px;\n--wpforms-container-border-width: 1px;\n--wpforms-container-border-radius: 3px;\n--wpforms-background-color: rgba(0, 0, 0, 0);\n--wpforms-field-size-input-height: 43px;\n--wpforms-field-size-input-spacing: 15px;\n--wpforms-field-size-font-size: 16px;\n--wpforms-field-size-line-height: 19px;\n--wpforms-field-size-padding-h: 14px;\n--wpforms-field-size-checkbox-size: 16px;\n--wpforms-field-size-sublabel-spacing: 5px;\n--wpforms-field-size-icon-size: 1;\n--wpforms-label-size-font-size: 16px;\n--wpforms-label-size-line-height: 19px;\n--wpforms-label-size-sublabel-font-size: 14px;\n--wpforms-label-size-sublabel-line-height: 17px;\n--wpforms-button-size-font-size: 17px;\n--wpforms-button-size-height: 41px;\n--wpforms-button-size-padding-h: 15px;\n--wpforms-button-size-margin-top: 10px;\n--wpforms-container-shadow-size-box-shadow: none;\n\t\t\t}\n\t\t\t<\/style><div class=\"wpforms-container wpforms-container-full wpforms-render-modern\" id=\"wpforms-1047\"><form id=\"wpforms-form-1047\" class=\"wpforms-validate wpforms-form wpforms-ajax-form\" data-formid=\"1047\" method=\"post\" enctype=\"multipart\/form-data\" action=\"\/de\/wp-json\/wp\/v2\/pages\/894\" data-token=\"6173e57004baf9fd6c29b2a7029bb8e7\" data-token-time=\"1776132273\"><noscript class=\"wpforms-error-noscript\">Bitte aktiviere JavaScript in deinem Browser, um dieses Formular fertigzustellen.<\/noscript><div id=\"wpforms-error-noscript\" style=\"display: none;\">Bitte aktiviere JavaScript in deinem Browser, um dieses Formular fertigzustellen.<\/div><div class=\"wpforms-field-container\"><div id=\"wpforms-1047-field_16-container\" class=\"wpforms-field wpforms-field-name\" data-field-id=\"16\"><fieldset><legend class=\"wpforms-field-label\">Vorname und Nachname <span class=\"wpforms-required-label\" aria-hidden=\"true\">*<\/span><\/legend><div class=\"wpforms-field-row wpforms-field-medium\"><div class=\"wpforms-field-row-block wpforms-first wpforms-one-half\"><input type=\"text\" id=\"wpforms-1047-field_16\" class=\"wpforms-field-name-first wpforms-field-required\" name=\"wpforms[fields][16][first]\" aria-errormessage=\"wpforms-1047-field_16-error\" required><label for=\"wpforms-1047-field_16\" class=\"wpforms-field-sublabel after\">Vorname<\/label><\/div><div class=\"wpforms-field-row-block wpforms-one-half\"><input type=\"text\" id=\"wpforms-1047-field_16-last\" class=\"wpforms-field-name-last wpforms-field-required\" name=\"wpforms[fields][16][last]\" aria-errormessage=\"wpforms-1047-field_16-last-error\" required><label for=\"wpforms-1047-field_16-last\" class=\"wpforms-field-sublabel after\">Nachname<\/label><\/div><\/div><\/fieldset><\/div><div id=\"wpforms-1047-field_17-container\" class=\"wpforms-field wpforms-field-text\" data-field-id=\"17\"><label class=\"wpforms-field-label\" for=\"wpforms-1047-field_17\">Geburtsdatum (TT\/MM\/JJJJ)<\/label><input type=\"text\" id=\"wpforms-1047-field_17\" class=\"wpforms-field-medium\" name=\"wpforms[fields][17]\" aria-errormessage=\"wpforms-1047-field_17-error\" ><\/div><div id=\"wpforms-1047-field_18-container\" class=\"wpforms-field wpforms-field-text\" data-field-id=\"18\"><label class=\"wpforms-field-label\" for=\"wpforms-1047-field_18\">Staatsangeh\u00f6rigkeit<\/label><input type=\"text\" id=\"wpforms-1047-field_18\" class=\"wpforms-field-medium\" name=\"wpforms[fields][18]\" aria-errormessage=\"wpforms-1047-field_18-error\" ><\/div><div id=\"wpforms-1047-field_19-container\" class=\"wpforms-field wpforms-field-select wpforms-field-select-style-classic\" data-field-id=\"19\"><label class=\"wpforms-field-label\" for=\"wpforms-1047-field_19\">Art des Visums<\/label><select id=\"wpforms-1047-field_19\" class=\"wpforms-field-medium\" name=\"wpforms[fields][19]\"><option value=\"Touristenvisum\"  class=\"choice-1 depth-1\"  >Touristenvisum<\/option><option value=\"Gesch\u00e4ftsvisum\"  class=\"choice-2 depth-1\"  >Gesch\u00e4ftsvisum<\/option><option value=\"Expressvisum\"  class=\"choice-3 depth-1\"  >Expressvisum<\/option><option value=\"Sonstiges\"  class=\"choice-4 depth-1\"  >Sonstiges<\/option><\/select><\/div>\t\t<div id=\"wpforms-1047-field_1-container\"\n\t\t\tclass=\"wpforms-field wpforms-field-text\"\n\t\t\tdata-field-type=\"text\"\n\t\t\tdata-field-id=\"1\"\n\t\t\t>\n\t\t\t<label class=\"wpforms-field-label\" for=\"wpforms-1047-field_1\" >(TT\/MM\/JJJJ) des E\u2011Mail\u2011Adresse<\/label>\n\t\t\t<input type=\"text\" id=\"wpforms-1047-field_1\" class=\"wpforms-field-medium\" name=\"wpforms[fields][1]\" >\n\t\t<\/div>\n\t\t<div id=\"wpforms-1047-field_20-container\" class=\"wpforms-field wpforms-field-text\" data-field-id=\"20\"><label class=\"wpforms-field-label\" for=\"wpforms-1047-field_20\">Reisepassnummer <span class=\"wpforms-required-label\" aria-hidden=\"true\">*<\/span><\/label><input type=\"text\" id=\"wpforms-1047-field_20\" class=\"wpforms-field-medium wpforms-field-required\" name=\"wpforms[fields][20]\" aria-errormessage=\"wpforms-1047-field_20-error\" required><\/div><div id=\"wpforms-1047-field_21-container\" class=\"wpforms-field wpforms-field-text\" data-field-id=\"21\"><label class=\"wpforms-field-label\" for=\"wpforms-1047-field_21\">Ablaufdatum des Reisepasses (TT\/MM\/JJJJ) <span class=\"wpforms-required-label\" aria-hidden=\"true\">*<\/span><\/label><input type=\"text\" id=\"wpforms-1047-field_21\" class=\"wpforms-field-medium wpforms-field-required\" name=\"wpforms[fields][21]\" aria-errormessage=\"wpforms-1047-field_21-error\" required><\/div><div id=\"wpforms-1047-field_22-container\" class=\"wpforms-field wpforms-field-email\" data-field-id=\"22\"><label class=\"wpforms-field-label\" for=\"wpforms-1047-field_22\">E\u2011Mail\u2011Adresse <span class=\"wpforms-required-label\" aria-hidden=\"true\">*<\/span><\/label><input type=\"email\" id=\"wpforms-1047-field_22\" class=\"wpforms-field-medium wpforms-field-required\" name=\"wpforms[fields][22]\" spellcheck=\"false\" aria-errormessage=\"wpforms-1047-field_22-error\" required><\/div><div id=\"wpforms-1047-field_23-container\" class=\"wpforms-field wpforms-field-text\" data-field-id=\"23\"><label class=\"wpforms-field-label\" for=\"wpforms-1047-field_23\">Telefon<\/label><input type=\"text\" id=\"wpforms-1047-field_23\" class=\"wpforms-field-medium\" name=\"wpforms[fields][23]\" aria-errormessage=\"wpforms-1047-field_23-error\" ><\/div><div id=\"wpforms-1047-field_24-container\" class=\"wpforms-field wpforms-field-textarea\" data-field-id=\"24\"><label class=\"wpforms-field-label\" for=\"wpforms-1047-field_24\">Zus\u00e4tzliche Nachricht<\/label><textarea id=\"wpforms-1047-field_24\" class=\"wpforms-field-medium\" name=\"wpforms[fields][24]\" aria-errormessage=\"wpforms-1047-field_24-error\" ><\/textarea><\/div><script>\n\t\t\t\t( function() {\n\t\t\t\t\tconst style = document.createElement( 'style' );\n\t\t\t\t\tstyle.appendChild( document.createTextNode( '#wpforms-1047-field_1-container { position: absolute !important; overflow: hidden !important; display: inline !important; height: 1px !important; width: 1px !important; z-index: -1000 !important; padding: 0 !important; } #wpforms-1047-field_1-container input { visibility: hidden; } #wpforms-conversational-form-page #wpforms-1047-field_1-container label { counter-increment: none; }' ) );\n\t\t\t\t\tdocument.head.appendChild( style );\n\t\t\t\t\tdocument.currentScript?.remove();\n\t\t\t\t} )();\n\t\t\t<\/script><\/div><!-- .wpforms-field-container --><div class=\"wpforms-submit-container\" ><input type=\"hidden\" name=\"wpforms[id]\" value=\"1047\"><input type=\"hidden\" name=\"page_title\" value=\"\"><input type=\"hidden\" name=\"page_url\" value=\"https:\/\/ambacongo.de\/de\/wp-json\/wp\/v2\/pages\/894\"><input type=\"hidden\" name=\"url_referer\" value=\"\"><button type=\"submit\" name=\"wpforms[submit]\" id=\"wpforms-submit-1047\" class=\"wpforms-submit\" data-alt-text=\"\u00dcbermittlung...\" data-submit-text=\"Absenden\" aria-live=\"assertive\" value=\"wpforms-submit\">Absenden<\/button><img decoding=\"async\" src=\"https:\/\/ambacongo.de\/wp-content\/plugins\/wpforms-lite\/assets\/images\/submit-spin.svg\" class=\"wpforms-submit-spinner\" style=\"display: none;\" width=\"26\" height=\"26\" alt=\"Wird geladen\"><\/div><\/form><\/div>  <!-- .wpforms-container --> <\/div>\n\t\t\t\t\t\t<\/div>\n\t\t\t\t\t<\/div>\n\t\t\t\t<\/div>\n\t\t<div class=\"elementor-element elementor-element-13cd036 e-flex e-con-boxed e-con e-parent\" data-id=\"13cd036\" data-element_type=\"container\" data-e-type=\"container\">\n\t\t\t\t\t<div class=\"e-con-inner\">\n\t\t\t\t<div class=\"elementor-element elementor-element-787a134 elementor-widget elementor-widget-heading\" data-id=\"787a134\" data-element_type=\"widget\" data-e-type=\"widget\" data-widget_type=\"heading.default\">\n\t\t\t\t\t<h2 class=\"elementor-heading-title elementor-size-default\">*Die \u00fcber dieses Formular \u00fcbermittelten Informationen werden ausschlie\u00dflich vom Konsulardienst der Botschaft der Republik Kongo in Deutschland verarbeitet.<\/h2>\t\t\t\t<\/div>\n\t\t\t\t\t<\/div>\n\t\t\t\t<\/div>\n\t\t\t\t<\/div>\n\t\t","protected":false},"excerpt":{"rendered":"<p>Visumantrag Allgemeine Informationen Der Visumantrag f\u00fcr die Republik Kongo kann eingereicht werden: \u2013 pers\u00f6nlich direkt beim Konsulardienst \u2013 per Post [&hellip;]<\/p>\n","protected":false},"author":1,"featured_media":0,"parent":0,"menu_order":0,"comment_status":"closed","ping_status":"closed","template":"","meta":{"site-sidebar-layout":"default","site-content-layout":"","ast-site-content-layout":"default","site-content-style":"default","site-sidebar-style":"default","ast-global-header-display":"","ast-banner-title-visibility":"","ast-main-header-display":"","ast-hfb-above-header-display":"","ast-hfb-below-header-display":"","ast-hfb-mobile-header-display":"","site-post-title":"disabled","ast-breadcrumbs-content":"","ast-featured-img":"","footer-sml-layout":"","ast-disable-related-posts":"","theme-transparent-header-meta":"","adv-header-id-meta":"","stick-header-meta":"","header-above-stick-meta":"","header-main-stick-meta":"","header-below-stick-meta":"","astra-migrate-meta-layouts":"default","ast-page-background-enabled":"default","ast-page-background-meta":{"desktop":{"background-color":"var(--ast-global-color-5)","background-image":"","background-repeat":"repeat","background-position":"center center","background-size":"auto","background-attachment":"scroll","background-type":"","background-media":"","overlay-type":"","overlay-color":"","overlay-opacity":"","overlay-gradient":""},"tablet":{"background-color":"","background-image":"","background-repeat":"repeat","background-position":"center center","background-size":"auto","background-attachment":"scroll","background-type":"","background-media":"","overlay-type":"","overlay-color":"","overlay-opacity":"","overlay-gradient":""},"mobile":{"background-color":"","background-image":"","background-repeat":"repeat","background-position":"center center","background-size":"auto","background-attachment":"scroll","background-type":"","background-media":"","overlay-type":"","overlay-color":"","overlay-opacity":"","overlay-gradient":""}},"ast-content-background-meta":{"desktop":{"background-color":"var(--ast-global-color-4)","background-image":"","background-repeat":"repeat","background-position":"center center","background-size":"auto","background-attachment":"scroll","background-type":"","background-media":"","overlay-type":"","overlay-color":"","overlay-opacity":"","overlay-gradient":""},"tablet":{"background-color":"var(--ast-global-color-4)","background-image":"","background-repeat":"repeat","background-position":"center center","background-size":"auto","background-attachment":"scroll","background-type":"","background-media":"","overlay-type":"","overlay-color":"","overlay-opacity":"","overlay-gradient":""},"mobile":{"background-color":"var(--ast-global-color-4)","background-image":"","background-repeat":"repeat","background-position":"center center","background-size":"auto","background-attachment":"scroll","background-type":"","background-media":"","overlay-type":"","overlay-color":"","overlay-opacity":"","overlay-gradient":""}},"footnotes":""},"class_list":["post-894","page","type-page","status-publish","hentry"],"yoast_head":"<!-- This site is optimized with the Yoast SEO plugin v27.3 - https:\/\/yoast.com\/product\/yoast-seo-wordpress\/ -->\n<title>Visumantrag - AMBASSADE DU CONGO EN ALLEMAGNE<\/title>\n<meta name=\"robots\" content=\"index, follow, max-snippet:-1, max-image-preview:large, max-video-preview:-1\" \/>\n<link rel=\"canonical\" href=\"https:\/\/ambacongo.de\/de\/visumantrag\/\" \/>\n<meta property=\"og:locale\" content=\"de_DE\" \/>\n<meta property=\"og:type\" content=\"article\" \/>\n<meta property=\"og:title\" content=\"Visumantrag - AMBASSADE DU CONGO EN ALLEMAGNE\" \/>\n<meta property=\"og:description\" content=\"Visumantrag Allgemeine Informationen Der Visumantrag f\u00fcr die Republik Kongo kann eingereicht werden: \u2013 pers\u00f6nlich direkt beim Konsulardienst \u2013 per Post [&hellip;]\" \/>\n<meta property=\"og:url\" content=\"https:\/\/ambacongo.de\/de\/visumantrag\/\" \/>\n<meta property=\"og:site_name\" content=\"AMBASSADE DU CONGO EN ALLEMAGNE\" \/>\n<meta property=\"article:publisher\" content=\"https:\/\/www.facebook.com\/profile.php?id=61551694221055&amp;locale=fr_FR\" \/>\n<meta property=\"article:modified_time\" content=\"2026-04-12T15:07:19+00:00\" \/>\n<meta name=\"twitter:card\" content=\"summary_large_image\" \/>\n<meta name=\"twitter:site\" content=\"@CongoAllemagne\" \/>\n<meta name=\"twitter:label1\" content=\"Gesch\u00e4tzte Lesezeit\" \/>\n\t<meta name=\"twitter:data1\" content=\"2\u00a0Minuten\" \/>\n<script type=\"application\/ld+json\" class=\"yoast-schema-graph\">{\"@context\":\"https:\\\/\\\/schema.org\",\"@graph\":[{\"@type\":\"WebPage\",\"@id\":\"https:\\\/\\\/ambacongo.de\\\/de\\\/visumantrag\\\/\",\"url\":\"https:\\\/\\\/ambacongo.de\\\/de\\\/visumantrag\\\/\",\"name\":\"Visumantrag - AMBASSADE DU CONGO EN ALLEMAGNE\",\"isPartOf\":{\"@id\":\"https:\\\/\\\/ambacongo.de\\\/#website\"},\"datePublished\":\"2026-04-07T18:35:49+00:00\",\"dateModified\":\"2026-04-12T15:07:19+00:00\",\"breadcrumb\":{\"@id\":\"https:\\\/\\\/ambacongo.de\\\/de\\\/visumantrag\\\/#breadcrumb\"},\"inLanguage\":\"de\",\"potentialAction\":[{\"@type\":\"ReadAction\",\"target\":[\"https:\\\/\\\/ambacongo.de\\\/de\\\/visumantrag\\\/\"]}]},{\"@type\":\"BreadcrumbList\",\"@id\":\"https:\\\/\\\/ambacongo.de\\\/de\\\/visumantrag\\\/#breadcrumb\",\"itemListElement\":[{\"@type\":\"ListItem\",\"position\":1,\"name\":\"Accueil\",\"item\":\"https:\\\/\\\/ambacongo.de\\\/de\\\/\"},{\"@type\":\"ListItem\",\"position\":2,\"name\":\"Visumantrag\"}]},{\"@type\":\"WebSite\",\"@id\":\"https:\\\/\\\/ambacongo.de\\\/#website\",\"url\":\"https:\\\/\\\/ambacongo.de\\\/\",\"name\":\"Ambassade de la R\u00e9publique du Congo en Allemagne\",\"description\":\"\",\"publisher\":{\"@id\":\"https:\\\/\\\/ambacongo.de\\\/#organization\"},\"potentialAction\":[{\"@type\":\"SearchAction\",\"target\":{\"@type\":\"EntryPoint\",\"urlTemplate\":\"https:\\\/\\\/ambacongo.de\\\/?s={search_term_string}\"},\"query-input\":{\"@type\":\"PropertyValueSpecification\",\"valueRequired\":true,\"valueName\":\"search_term_string\"}}],\"inLanguage\":\"de\"},{\"@type\":\"Organization\",\"@id\":\"https:\\\/\\\/ambacongo.de\\\/#organization\",\"name\":\"Ambassade de la R\u00e9publique du Congo en Allemagne\",\"alternateName\":\"Ambassade du Congo Brazzaville en Allemagne\",\"url\":\"https:\\\/\\\/ambacongo.de\\\/\",\"logo\":{\"@type\":\"ImageObject\",\"inLanguage\":\"de\",\"@id\":\"https:\\\/\\\/ambacongo.de\\\/#\\\/schema\\\/logo\\\/image\\\/\",\"url\":\"http:\\\/\\\/ambacongo.de\\\/wp-content\\\/uploads\\\/2026\\\/03\\\/IMG_5515.jpg\",\"contentUrl\":\"http:\\\/\\\/ambacongo.de\\\/wp-content\\\/uploads\\\/2026\\\/03\\\/IMG_5515.jpg\",\"width\":1920,\"height\":1882,\"caption\":\"Ambassade de la R\u00e9publique du Congo en Allemagne\"},\"image\":{\"@id\":\"https:\\\/\\\/ambacongo.de\\\/#\\\/schema\\\/logo\\\/image\\\/\"},\"sameAs\":[\"https:\\\/\\\/www.facebook.com\\\/profile.php?id=61551694221055&locale=fr_FR\",\"https:\\\/\\\/x.com\\\/CongoAllemagne\",\"https:\\\/\\\/www.linkedin.com\\\/company\\\/amabassade-du-congo-en-allemagne\\\/\"]}]}<\/script>\n<!-- \/ Yoast SEO plugin. -->","yoast_head_json":{"title":"Visumantrag - AMBASSADE DU CONGO EN ALLEMAGNE","robots":{"index":"index","follow":"follow","max-snippet":"max-snippet:-1","max-image-preview":"max-image-preview:large","max-video-preview":"max-video-preview:-1"},"canonical":"https:\/\/ambacongo.de\/de\/visumantrag\/","og_locale":"de_DE","og_type":"article","og_title":"Visumantrag - AMBASSADE DU CONGO EN ALLEMAGNE","og_description":"Visumantrag Allgemeine Informationen Der Visumantrag f\u00fcr die Republik Kongo kann eingereicht werden: \u2013 pers\u00f6nlich direkt beim Konsulardienst \u2013 per Post [&hellip;]","og_url":"https:\/\/ambacongo.de\/de\/visumantrag\/","og_site_name":"AMBASSADE DU CONGO EN ALLEMAGNE","article_publisher":"https:\/\/www.facebook.com\/profile.php?id=61551694221055&locale=fr_FR","article_modified_time":"2026-04-12T15:07:19+00:00","twitter_card":"summary_large_image","twitter_site":"@CongoAllemagne","twitter_misc":{"Gesch\u00e4tzte Lesezeit":"2\u00a0Minuten"},"schema":{"@context":"https:\/\/schema.org","@graph":[{"@type":"WebPage","@id":"https:\/\/ambacongo.de\/de\/visumantrag\/","url":"https:\/\/ambacongo.de\/de\/visumantrag\/","name":"Visumantrag - AMBASSADE DU CONGO EN ALLEMAGNE","isPartOf":{"@id":"https:\/\/ambacongo.de\/#website"},"datePublished":"2026-04-07T18:35:49+00:00","dateModified":"2026-04-12T15:07:19+00:00","breadcrumb":{"@id":"https:\/\/ambacongo.de\/de\/visumantrag\/#breadcrumb"},"inLanguage":"de","potentialAction":[{"@type":"ReadAction","target":["https:\/\/ambacongo.de\/de\/visumantrag\/"]}]},{"@type":"BreadcrumbList","@id":"https:\/\/ambacongo.de\/de\/visumantrag\/#breadcrumb","itemListElement":[{"@type":"ListItem","position":1,"name":"Accueil","item":"https:\/\/ambacongo.de\/de\/"},{"@type":"ListItem","position":2,"name":"Visumantrag"}]},{"@type":"WebSite","@id":"https:\/\/ambacongo.de\/#website","url":"https:\/\/ambacongo.de\/","name":"Ambassade de la R\u00e9publique du Congo en Allemagne","description":"","publisher":{"@id":"https:\/\/ambacongo.de\/#organization"},"potentialAction":[{"@type":"SearchAction","target":{"@type":"EntryPoint","urlTemplate":"https:\/\/ambacongo.de\/?s={search_term_string}"},"query-input":{"@type":"PropertyValueSpecification","valueRequired":true,"valueName":"search_term_string"}}],"inLanguage":"de"},{"@type":"Organization","@id":"https:\/\/ambacongo.de\/#organization","name":"Ambassade de la R\u00e9publique du Congo en Allemagne","alternateName":"Ambassade du Congo Brazzaville en Allemagne","url":"https:\/\/ambacongo.de\/","logo":{"@type":"ImageObject","inLanguage":"de","@id":"https:\/\/ambacongo.de\/#\/schema\/logo\/image\/","url":"http:\/\/ambacongo.de\/wp-content\/uploads\/2026\/03\/IMG_5515.jpg","contentUrl":"http:\/\/ambacongo.de\/wp-content\/uploads\/2026\/03\/IMG_5515.jpg","width":1920,"height":1882,"caption":"Ambassade de la R\u00e9publique du Congo en Allemagne"},"image":{"@id":"https:\/\/ambacongo.de\/#\/schema\/logo\/image\/"},"sameAs":["https:\/\/www.facebook.com\/profile.php?id=61551694221055&locale=fr_FR","https:\/\/x.com\/CongoAllemagne","https:\/\/www.linkedin.com\/company\/amabassade-du-congo-en-allemagne\/"]}]}},"_links":{"self":[{"href":"https:\/\/ambacongo.de\/de\/wp-json\/wp\/v2\/pages\/894","targetHints":{"allow":["GET"]}}],"collection":[{"href":"https:\/\/ambacongo.de\/de\/wp-json\/wp\/v2\/pages"}],"about":[{"href":"https:\/\/ambacongo.de\/de\/wp-json\/wp\/v2\/types\/page"}],"author":[{"embeddable":true,"href":"https:\/\/ambacongo.de\/de\/wp-json\/wp\/v2\/users\/1"}],"replies":[{"embeddable":true,"href":"https:\/\/ambacongo.de\/de\/wp-json\/wp\/v2\/comments?post=894"}],"version-history":[{"count":17,"href":"https:\/\/ambacongo.de\/de\/wp-json\/wp\/v2\/pages\/894\/revisions"}],"predecessor-version":[{"id":1080,"href":"https:\/\/ambacongo.de\/de\/wp-json\/wp\/v2\/pages\/894\/revisions\/1080"}],"wp:attachment":[{"href":"https:\/\/ambacongo.de\/de\/wp-json\/wp\/v2\/media?parent=894"}],"curies":[{"name":"wp","href":"https:\/\/api.w.org\/{rel}","templated":true}]}}