{"id":795,"date":"2026-04-08T07:08:14","date_gmt":"2026-04-08T07:08:14","guid":{"rendered":"https:\/\/ambacongo.de\/die-botschaft\/"},"modified":"2026-04-12T16:24:42","modified_gmt":"2026-04-12T16:24:42","slug":"die-botschaft","status":"publish","type":"page","link":"https:\/\/ambacongo.de\/de\/die-botschaft\/","title":{"rendered":"Die Botschaft"},"content":{"rendered":"\t\t<div data-elementor-type=\"wp-page\" data-elementor-id=\"795\" class=\"elementor elementor-795 elementor-412\">\n\t\t\t\t<div class=\"elementor-element elementor-element-045f1c2 e-flex e-con-boxed e-con e-parent\" data-id=\"045f1c2\" data-element_type=\"container\" data-e-type=\"container\">\n\t\t\t\t\t<div class=\"e-con-inner\">\n\t\t\t\t<div class=\"elementor-element elementor-element-1300c62 elementor-widget elementor-widget-heading\" data-id=\"1300c62\" data-element_type=\"widget\" data-e-type=\"widget\" data-widget_type=\"heading.default\">\n\t\t\t\t\t<h1 class=\"elementor-heading-title elementor-size-default\">Botschaft der Republik Kongo<\/h1>\t\t\t\t<\/div>\n\t\t\t\t<div class=\"elementor-element elementor-element-ba45c85 elementor-widget elementor-widget-heading\" data-id=\"ba45c85\" data-element_type=\"widget\" data-e-type=\"widget\" data-widget_type=\"heading.default\">\n\t\t\t\t\t<h2 class=\"elementor-heading-title elementor-size-default\">Die Botschaft der Republik Kongo in Deutschland vertritt den kongolesischen Staat gegen\u00fcber den deutschen Beh\u00f6rden. Sie setzt sich f\u00fcr die St\u00e4rkung der diplomatischen, politischen, wirtschaftlichen und kulturellen Beziehungen zwischen der Republik Kongo und der Bundesrepublik Deutschland ein.<\/h2>\t\t\t\t<\/div>\n\t\t\t\t<div class=\"elementor-element elementor-element-d96691d elementor-widget elementor-widget-heading\" data-id=\"d96691d\" data-element_type=\"widget\" data-e-type=\"widget\" data-widget_type=\"heading.default\">\n\t\t\t\t\t<h2 class=\"elementor-heading-title elementor-size-default\">Aufgaben der Botschaft<\/h2>\t\t\t\t<\/div>\n\t\t\t\t<div class=\"elementor-element elementor-element-a04a784 elementor-widget elementor-widget-heading\" data-id=\"a04a784\" data-element_type=\"widget\" data-e-type=\"widget\" data-widget_type=\"heading.default\">\n\t\t\t\t\t<h2 class=\"elementor-heading-title elementor-size-default\">Zu den Hauptaufgaben der Botschaft der Republik Kongo in Deutschland geh\u00f6ren insbesondere:<br> \u2013 die Vertretung der Republik Kongo gegen\u00fcber den deutschen Beh\u00f6rden<br>\u2013 der Schutz der Interessen des kongolesischen Staates und seiner Staatsangeh\u00f6rigen<br>\u2013 die F\u00f6rderung und Entwicklung der bilateralen Beziehungen zwischen der Republik Kongo und Deutschland<br>\u2013 die F\u00f6rderung der wirtschaftlichen, kulturellen, wissenschaftlichen und technischen Zusammenarbeit<br>\u2013 die konsularische Betreuung kongolesischer Staatsangeh\u00f6riger \u00fcber den Konsulardienst.<\/h2>\t\t\t\t<\/div>\n\t\t\t\t<div class=\"elementor-element elementor-element-392f74e elementor-widget elementor-widget-heading\" data-id=\"392f74e\" data-element_type=\"widget\" data-e-type=\"widget\" data-widget_type=\"heading.default\">\n\t\t\t\t\t<h2 class=\"elementor-heading-title elementor-size-default\">Leiter der diplomatischen Mission<\/h2>\t\t\t\t<\/div>\n\t\t\t\t<div class=\"elementor-element elementor-element-21b1b3e elementor-widget elementor-widget-image\" data-id=\"21b1b3e\" data-element_type=\"widget\" data-e-type=\"widget\" data-widget_type=\"image.default\">\n\t\t\t\t\t\t\t\t\t\t\t\t\t\t\t<img fetchpriority=\"high\" decoding=\"async\" width=\"239\" height=\"300\" src=\"https:\/\/ambacongo.de\/wp-content\/uploads\/2026\/04\/Photo-officielle-Ambassadeur-1-2-e1776010982293-239x300.png\" class=\"attachment-medium size-medium wp-image-1097\" alt=\"Photo officielle Ambassadeur\" srcset=\"https:\/\/ambacongo.de\/wp-content\/uploads\/2026\/04\/Photo-officielle-Ambassadeur-1-2-e1776010982293-239x300.png 239w, https:\/\/ambacongo.de\/wp-content\/uploads\/2026\/04\/Photo-officielle-Ambassadeur-1-2-e1776010982293-817x1024.png 817w, https:\/\/ambacongo.de\/wp-content\/uploads\/2026\/04\/Photo-officielle-Ambassadeur-1-2-e1776010982293-768x963.png 768w, https:\/\/ambacongo.de\/wp-content\/uploads\/2026\/04\/Photo-officielle-Ambassadeur-1-2-e1776010982293.png 1097w\" sizes=\"(max-width: 239px) 100vw, 239px\" \/>\t\t\t\t\t\t\t\t\t\t\t\t\t\t\t<\/div>\n\t\t\t\t<div class=\"elementor-element elementor-element-fe4b85f elementor-widget elementor-widget-heading\" data-id=\"fe4b85f\" data-element_type=\"widget\" data-e-type=\"widget\" data-widget_type=\"heading.default\">\n\t\t\t\t\t<h2 class=\"elementor-heading-title elementor-size-default\">Ihre Exzellenz Frau Edith Antoinette ITOUA, Au\u00dferordentliche und Bevollm\u00e4chtigte Botschafterin<\/h2>\t\t\t\t<\/div>\n\t\t\t\t<div class=\"elementor-element elementor-element-40c3230 elementor-widget elementor-widget-heading\" data-id=\"40c3230\" data-element_type=\"widget\" data-e-type=\"widget\" data-widget_type=\"heading.default\">\n\t\t\t\t\t<h2 class=\"elementor-heading-title elementor-size-default\">Diplomatischer und Konsularischer Zust\u00e4ndigkeitsbereich <\/h2>\t\t\t\t<\/div>\n\t\t\t\t<div class=\"elementor-element elementor-element-00ca8ad elementor-widget elementor-widget-heading\" data-id=\"00ca8ad\" data-element_type=\"widget\" data-e-type=\"widget\" data-widget_type=\"heading.default\">\n\t\t\t\t\t<h2 class=\"elementor-heading-title elementor-size-default\">Die Botschaft der Republik Kongo in Deutschland \u00fcbt ihre diplomatische und konsularische Zust\u00e4ndigkeit f\u00fcr kongolesische Staatsangeh\u00f6rige aus, die in ihrem Zust\u00e4ndigkeitsbereich ans\u00e4ssig sind. Detaillierte Informationen zu den betroffenen L\u00e4ndern sind im Bereich \u201eZust\u00e4ndigkeitsl\u00e4nder\u201c verf\u00fcgbar.<\/h2>\t\t\t\t<\/div>\n\t\t\t\t<div class=\"elementor-element elementor-element-968a1cf elementor-widget elementor-widget-heading\" data-id=\"968a1cf\" data-element_type=\"widget\" data-e-type=\"widget\" data-widget_type=\"heading.default\">\n\t\t\t\t\t<h2 class=\"elementor-heading-title elementor-size-default\">Konsularischer<\/h2>\t\t\t\t<\/div>\n\t\t\t\t<div class=\"elementor-element elementor-element-d167b4f elementor-widget elementor-widget-heading\" data-id=\"d167b4f\" data-element_type=\"widget\" data-e-type=\"widget\" data-widget_type=\"heading.default\">\n\t\t\t\t\t<h2 class=\"elementor-heading-title elementor-size-default\"> Der konsularische Dienst der Botschaft ist zust\u00e4ndig f\u00fcr die Bearbeitung von Visumantr\u00e4gen, Reisep\u00e4ssen, Dokumentenlegalisierungen, die Ausstellung konsularischer Bescheinigungen sowie f\u00fcr die administrative Unterst\u00fctzung kongolesischer Staatsangeh\u00f6riger gem\u00e4\u00df den geltenden Vorschriften.<\/h2>\t\t\t\t<\/div>\n\t\t\t\t<div class=\"elementor-element elementor-element-d329f3a elementor-align-center elementor-widget elementor-widget-button\" data-id=\"d329f3a\" data-element_type=\"widget\" data-e-type=\"widget\" data-widget_type=\"button.default\">\n\t\t\t\t\t\t\t\t\t\t<a class=\"elementor-button elementor-button-link elementor-size-sm\" href=\"https:\/\/ambacongo.de\/de\/konsularische-dienstleistungen\/\">\n\t\t\t\t\t\t<span class=\"elementor-button-content-wrapper\">\n\t\t\t\t\t\t\t\t\t<span class=\"elementor-button-text\"> Zugang zu den konsularischen Dienstleistungen<\/span>\n\t\t\t\t\t<\/span>\n\t\t\t\t\t<\/a>\n\t\t\t\t\t\t\t\t<\/div>\n\t\t\t\t\t<\/div>\n\t\t\t\t<\/div>\n\t\t\t\t<\/div>\n\t\t","protected":false},"excerpt":{"rendered":"<p>Botschaft der Republik Kongo Die Botschaft der Republik Kongo in Deutschland vertritt den kongolesischen Staat gegen\u00fcber den deutschen Beh\u00f6rden. Sie [&hellip;]<\/p>\n","protected":false},"author":1,"featured_media":0,"parent":0,"menu_order":0,"comment_status":"closed","ping_status":"closed","template":"","meta":{"site-sidebar-layout":"no-sidebar","site-content-layout":"","ast-site-content-layout":"full-width-container","site-content-style":"default","site-sidebar-style":"default","ast-global-header-display":"","ast-banner-title-visibility":"","ast-main-header-display":"","ast-hfb-above-header-display":"","ast-hfb-below-header-display":"","ast-hfb-mobile-header-display":"","site-post-title":"disabled","ast-breadcrumbs-content":"","ast-featured-img":"disabled","footer-sml-layout":"","ast-disable-related-posts":"","theme-transparent-header-meta":"","adv-header-id-meta":"","stick-header-meta":"","header-above-stick-meta":"","header-main-stick-meta":"","header-below-stick-meta":"","astra-migrate-meta-layouts":"default","ast-page-background-enabled":"default","ast-page-background-meta":{"desktop":{"background-color":"var(--ast-global-color-5)","background-image":"","background-repeat":"repeat","background-position":"center center","background-size":"auto","background-attachment":"scroll","background-type":"","background-media":"","overlay-type":"","overlay-color":"","overlay-opacity":"","overlay-gradient":""},"tablet":{"background-color":"","background-image":"","background-repeat":"repeat","background-position":"center center","background-size":"auto","background-attachment":"scroll","background-type":"","background-media":"","overlay-type":"","overlay-color":"","overlay-opacity":"","overlay-gradient":""},"mobile":{"background-color":"","background-image":"","background-repeat":"repeat","background-position":"center center","background-size":"auto","background-attachment":"scroll","background-type":"","background-media":"","overlay-type":"","overlay-color":"","overlay-opacity":"","overlay-gradient":""}},"ast-content-background-meta":{"desktop":{"background-color":"var(--ast-global-color-4)","background-image":"","background-repeat":"repeat","background-position":"center center","background-size":"auto","background-attachment":"scroll","background-type":"","background-media":"","overlay-type":"","overlay-color":"","overlay-opacity":"","overlay-gradient":""},"tablet":{"background-color":"var(--ast-global-color-4)","background-image":"","background-repeat":"repeat","background-position":"center center","background-size":"auto","background-attachment":"scroll","background-type":"","background-media":"","overlay-type":"","overlay-color":"","overlay-opacity":"","overlay-gradient":""},"mobile":{"background-color":"var(--ast-global-color-4)","background-image":"","background-repeat":"repeat","background-position":"center center","background-size":"auto","background-attachment":"scroll","background-type":"","background-media":"","overlay-type":"","overlay-color":"","overlay-opacity":"","overlay-gradient":""}},"footnotes":""},"class_list":["post-795","page","type-page","status-publish","hentry"],"yoast_head":"<!-- This site is optimized with the Yoast SEO plugin v27.4 - https:\/\/yoast.com\/product\/yoast-seo-wordpress\/ -->\n<title>Die Botschaft - AMBASSADE DU CONGO EN ALLEMAGNE<\/title>\n<meta name=\"robots\" content=\"index, follow, max-snippet:-1, max-image-preview:large, max-video-preview:-1\" \/>\n<link rel=\"canonical\" href=\"https:\/\/ambacongo.de\/lambassade\/\" \/>\n<meta property=\"og:locale\" content=\"de_DE\" \/>\n<meta property=\"og:type\" content=\"article\" \/>\n<meta property=\"og:title\" content=\"Die Botschaft - AMBASSADE DU CONGO EN ALLEMAGNE\" \/>\n<meta property=\"og:description\" content=\"Botschaft der Republik Kongo Die Botschaft der Republik Kongo in Deutschland vertritt den kongolesischen Staat gegen\u00fcber den deutschen Beh\u00f6rden. Sie [&hellip;]\" \/>\n<meta property=\"og:url\" content=\"https:\/\/ambacongo.de\/lambassade\/\" \/>\n<meta property=\"og:site_name\" content=\"AMBASSADE DU CONGO EN ALLEMAGNE\" \/>\n<meta property=\"article:publisher\" content=\"https:\/\/www.facebook.com\/profile.php?id=61551694221055&amp;locale=fr_FR\" \/>\n<meta property=\"article:modified_time\" content=\"2026-04-12T16:24:42+00:00\" \/>\n<meta property=\"og:image\" content=\"http:\/\/ambacongo.de\/wp-content\/uploads\/2026\/04\/Photo-officielle-Ambassadeur-1-2-e1776010982293-239x300.png\" \/>\n<meta name=\"twitter:card\" content=\"summary_large_image\" \/>\n<meta name=\"twitter:site\" content=\"@CongoAllemagne\" \/>\n<meta name=\"twitter:label1\" content=\"Gesch\u00e4tzte Lesezeit\" \/>\n\t<meta name=\"twitter:data1\" content=\"2\u00a0Minuten\" \/>\n<script type=\"application\/ld+json\" class=\"yoast-schema-graph\">{\"@context\":\"https:\\\/\\\/schema.org\",\"@graph\":[{\"@type\":\"WebPage\",\"@id\":\"https:\\\/\\\/ambacongo.de\\\/lambassade\\\/\",\"url\":\"https:\\\/\\\/ambacongo.de\\\/lambassade\\\/\",\"name\":\"Die Botschaft - AMBASSADE DU CONGO EN ALLEMAGNE\",\"isPartOf\":{\"@id\":\"https:\\\/\\\/ambacongo.de\\\/#website\"},\"primaryImageOfPage\":{\"@id\":\"https:\\\/\\\/ambacongo.de\\\/lambassade\\\/#primaryimage\"},\"image\":{\"@id\":\"https:\\\/\\\/ambacongo.de\\\/lambassade\\\/#primaryimage\"},\"thumbnailUrl\":\"http:\\\/\\\/ambacongo.de\\\/wp-content\\\/uploads\\\/2026\\\/04\\\/Photo-officielle-Ambassadeur-1-2-e1776010982293-239x300.png\",\"datePublished\":\"2026-04-08T07:08:14+00:00\",\"dateModified\":\"2026-04-12T16:24:42+00:00\",\"breadcrumb\":{\"@id\":\"https:\\\/\\\/ambacongo.de\\\/lambassade\\\/#breadcrumb\"},\"inLanguage\":\"de\",\"potentialAction\":[{\"@type\":\"ReadAction\",\"target\":[\"https:\\\/\\\/ambacongo.de\\\/lambassade\\\/\"]}]},{\"@type\":\"ImageObject\",\"inLanguage\":\"de\",\"@id\":\"https:\\\/\\\/ambacongo.de\\\/lambassade\\\/#primaryimage\",\"url\":\"http:\\\/\\\/ambacongo.de\\\/wp-content\\\/uploads\\\/2026\\\/04\\\/Photo-officielle-Ambassadeur-1-2-e1776010982293-239x300.png\",\"contentUrl\":\"http:\\\/\\\/ambacongo.de\\\/wp-content\\\/uploads\\\/2026\\\/04\\\/Photo-officielle-Ambassadeur-1-2-e1776010982293-239x300.png\"},{\"@type\":\"BreadcrumbList\",\"@id\":\"https:\\\/\\\/ambacongo.de\\\/lambassade\\\/#breadcrumb\",\"itemListElement\":[{\"@type\":\"ListItem\",\"position\":1,\"name\":\"Accueil\",\"item\":\"https:\\\/\\\/ambacongo.de\\\/en\\\/\"},{\"@type\":\"ListItem\",\"position\":2,\"name\":\"Die Botschaft\"}]},{\"@type\":\"WebSite\",\"@id\":\"https:\\\/\\\/ambacongo.de\\\/#website\",\"url\":\"https:\\\/\\\/ambacongo.de\\\/\",\"name\":\"Ambassade de la R\u00e9publique du Congo en Allemagne\",\"description\":\"\",\"publisher\":{\"@id\":\"https:\\\/\\\/ambacongo.de\\\/#organization\"},\"potentialAction\":[{\"@type\":\"SearchAction\",\"target\":{\"@type\":\"EntryPoint\",\"urlTemplate\":\"https:\\\/\\\/ambacongo.de\\\/?s={search_term_string}\"},\"query-input\":{\"@type\":\"PropertyValueSpecification\",\"valueRequired\":true,\"valueName\":\"search_term_string\"}}],\"inLanguage\":\"de\"},{\"@type\":\"Organization\",\"@id\":\"https:\\\/\\\/ambacongo.de\\\/#organization\",\"name\":\"Ambassade de la R\u00e9publique du Congo en Allemagne\",\"alternateName\":\"Ambassade du Congo Brazzaville en Allemagne\",\"url\":\"https:\\\/\\\/ambacongo.de\\\/\",\"logo\":{\"@type\":\"ImageObject\",\"inLanguage\":\"de\",\"@id\":\"https:\\\/\\\/ambacongo.de\\\/#\\\/schema\\\/logo\\\/image\\\/\",\"url\":\"http:\\\/\\\/ambacongo.de\\\/wp-content\\\/uploads\\\/2026\\\/03\\\/IMG_5515.jpg\",\"contentUrl\":\"http:\\\/\\\/ambacongo.de\\\/wp-content\\\/uploads\\\/2026\\\/03\\\/IMG_5515.jpg\",\"width\":1920,\"height\":1882,\"caption\":\"Ambassade de la R\u00e9publique du Congo en Allemagne\"},\"image\":{\"@id\":\"https:\\\/\\\/ambacongo.de\\\/#\\\/schema\\\/logo\\\/image\\\/\"},\"sameAs\":[\"https:\\\/\\\/www.facebook.com\\\/profile.php?id=61551694221055&locale=fr_FR\",\"https:\\\/\\\/x.com\\\/CongoAllemagne\",\"https:\\\/\\\/www.linkedin.com\\\/company\\\/amabassade-du-congo-en-allemagne\\\/\"]}]}<\/script>\n<!-- \/ Yoast SEO plugin. -->","yoast_head_json":{"title":"Die Botschaft - AMBASSADE DU CONGO EN ALLEMAGNE","robots":{"index":"index","follow":"follow","max-snippet":"max-snippet:-1","max-image-preview":"max-image-preview:large","max-video-preview":"max-video-preview:-1"},"canonical":"https:\/\/ambacongo.de\/lambassade\/","og_locale":"de_DE","og_type":"article","og_title":"Die Botschaft - AMBASSADE DU CONGO EN ALLEMAGNE","og_description":"Botschaft der Republik Kongo Die Botschaft der Republik Kongo in Deutschland vertritt den kongolesischen Staat gegen\u00fcber den deutschen Beh\u00f6rden. Sie [&hellip;]","og_url":"https:\/\/ambacongo.de\/lambassade\/","og_site_name":"AMBASSADE DU CONGO EN ALLEMAGNE","article_publisher":"https:\/\/www.facebook.com\/profile.php?id=61551694221055&locale=fr_FR","article_modified_time":"2026-04-12T16:24:42+00:00","og_image":[{"url":"http:\/\/ambacongo.de\/wp-content\/uploads\/2026\/04\/Photo-officielle-Ambassadeur-1-2-e1776010982293-239x300.png","type":"","width":"","height":""}],"twitter_card":"summary_large_image","twitter_site":"@CongoAllemagne","twitter_misc":{"Gesch\u00e4tzte Lesezeit":"2\u00a0Minuten"},"schema":{"@context":"https:\/\/schema.org","@graph":[{"@type":"WebPage","@id":"https:\/\/ambacongo.de\/lambassade\/","url":"https:\/\/ambacongo.de\/lambassade\/","name":"Die Botschaft - AMBASSADE DU CONGO EN ALLEMAGNE","isPartOf":{"@id":"https:\/\/ambacongo.de\/#website"},"primaryImageOfPage":{"@id":"https:\/\/ambacongo.de\/lambassade\/#primaryimage"},"image":{"@id":"https:\/\/ambacongo.de\/lambassade\/#primaryimage"},"thumbnailUrl":"http:\/\/ambacongo.de\/wp-content\/uploads\/2026\/04\/Photo-officielle-Ambassadeur-1-2-e1776010982293-239x300.png","datePublished":"2026-04-08T07:08:14+00:00","dateModified":"2026-04-12T16:24:42+00:00","breadcrumb":{"@id":"https:\/\/ambacongo.de\/lambassade\/#breadcrumb"},"inLanguage":"de","potentialAction":[{"@type":"ReadAction","target":["https:\/\/ambacongo.de\/lambassade\/"]}]},{"@type":"ImageObject","inLanguage":"de","@id":"https:\/\/ambacongo.de\/lambassade\/#primaryimage","url":"http:\/\/ambacongo.de\/wp-content\/uploads\/2026\/04\/Photo-officielle-Ambassadeur-1-2-e1776010982293-239x300.png","contentUrl":"http:\/\/ambacongo.de\/wp-content\/uploads\/2026\/04\/Photo-officielle-Ambassadeur-1-2-e1776010982293-239x300.png"},{"@type":"BreadcrumbList","@id":"https:\/\/ambacongo.de\/lambassade\/#breadcrumb","itemListElement":[{"@type":"ListItem","position":1,"name":"Accueil","item":"https:\/\/ambacongo.de\/en\/"},{"@type":"ListItem","position":2,"name":"Die Botschaft"}]},{"@type":"WebSite","@id":"https:\/\/ambacongo.de\/#website","url":"https:\/\/ambacongo.de\/","name":"Ambassade de la R\u00e9publique du Congo en Allemagne","description":"","publisher":{"@id":"https:\/\/ambacongo.de\/#organization"},"potentialAction":[{"@type":"SearchAction","target":{"@type":"EntryPoint","urlTemplate":"https:\/\/ambacongo.de\/?s={search_term_string}"},"query-input":{"@type":"PropertyValueSpecification","valueRequired":true,"valueName":"search_term_string"}}],"inLanguage":"de"},{"@type":"Organization","@id":"https:\/\/ambacongo.de\/#organization","name":"Ambassade de la R\u00e9publique du Congo en Allemagne","alternateName":"Ambassade du Congo Brazzaville en Allemagne","url":"https:\/\/ambacongo.de\/","logo":{"@type":"ImageObject","inLanguage":"de","@id":"https:\/\/ambacongo.de\/#\/schema\/logo\/image\/","url":"http:\/\/ambacongo.de\/wp-content\/uploads\/2026\/03\/IMG_5515.jpg","contentUrl":"http:\/\/ambacongo.de\/wp-content\/uploads\/2026\/03\/IMG_5515.jpg","width":1920,"height":1882,"caption":"Ambassade de la R\u00e9publique du Congo en Allemagne"},"image":{"@id":"https:\/\/ambacongo.de\/#\/schema\/logo\/image\/"},"sameAs":["https:\/\/www.facebook.com\/profile.php?id=61551694221055&locale=fr_FR","https:\/\/x.com\/CongoAllemagne","https:\/\/www.linkedin.com\/company\/amabassade-du-congo-en-allemagne\/"]}]}},"_links":{"self":[{"href":"https:\/\/ambacongo.de\/de\/wp-json\/wp\/v2\/pages\/795","targetHints":{"allow":["GET"]}}],"collection":[{"href":"https:\/\/ambacongo.de\/de\/wp-json\/wp\/v2\/pages"}],"about":[{"href":"https:\/\/ambacongo.de\/de\/wp-json\/wp\/v2\/types\/page"}],"author":[{"embeddable":true,"href":"https:\/\/ambacongo.de\/de\/wp-json\/wp\/v2\/users\/1"}],"replies":[{"embeddable":true,"href":"https:\/\/ambacongo.de\/de\/wp-json\/wp\/v2\/comments?post=795"}],"version-history":[{"count":18,"href":"https:\/\/ambacongo.de\/de\/wp-json\/wp\/v2\/pages\/795\/revisions"}],"predecessor-version":[{"id":1102,"href":"https:\/\/ambacongo.de\/de\/wp-json\/wp\/v2\/pages\/795\/revisions\/1102"}],"wp:attachment":[{"href":"https:\/\/ambacongo.de\/de\/wp-json\/wp\/v2\/media?parent=795"}],"curies":[{"name":"wp","href":"https:\/\/api.w.org\/{rel}","templated":true}]}}