{"id":756,"date":"2026-04-05T20:22:09","date_gmt":"2026-04-05T20:22:09","guid":{"rendered":"https:\/\/ambacongo.de\/startseite\/"},"modified":"2026-04-20T08:10:39","modified_gmt":"2026-04-20T08:10:39","slug":"startseite","status":"publish","type":"page","link":"http:\/\/ambacongo.de\/de\/","title":{"rendered":"Startseite"},"content":{"rendered":"\t\t<div data-elementor-type=\"wp-page\" data-elementor-id=\"756\" class=\"elementor elementor-756 elementor-27\">\n\t\t\t\t<div class=\"elementor-element elementor-element-c7e645f e-con-full e-flex e-con e-parent\" data-id=\"c7e645f\" data-element_type=\"container\" data-e-type=\"container\" data-settings=\"{&quot;background_background&quot;:&quot;slideshow&quot;,&quot;background_slideshow_gallery&quot;:[{&quot;id&quot;:753,&quot;url&quot;:&quot;http:\\\/\\\/ambacongo.de\\\/wp-content\\\/uploads\\\/2026\\\/04\\\/Sans-titre-3840-x-1600-px-scaled.png&quot;},{&quot;id&quot;:754,&quot;url&quot;:&quot;http:\\\/\\\/ambacongo.de\\\/wp-content\\\/uploads\\\/2026\\\/04\\\/Design-sans-titre-scaled.png&quot;},{&quot;id&quot;:755,&quot;url&quot;:&quot;http:\\\/\\\/ambacongo.de\\\/wp-content\\\/uploads\\\/2026\\\/04\\\/pexels-truephotography-7102728-scaled.jpg&quot;}],&quot;background_slideshow_ken_burns&quot;:&quot;yes&quot;,&quot;background_slideshow_loop&quot;:&quot;yes&quot;,&quot;background_slideshow_slide_duration&quot;:5000,&quot;background_slideshow_slide_transition&quot;:&quot;fade&quot;,&quot;background_slideshow_transition_duration&quot;:500,&quot;background_slideshow_ken_burns_zoom_direction&quot;:&quot;in&quot;}\">\n\t\t<div class=\"elementor-element elementor-element-5f2b27b e-con-full e-flex e-con e-child\" data-id=\"5f2b27b\" data-element_type=\"container\" data-e-type=\"container\" data-settings=\"{&quot;background_background&quot;:&quot;classic&quot;}\">\n\t\t<div class=\"elementor-element elementor-element-260c41f e-con-full e-flex e-con e-child\" data-id=\"260c41f\" data-element_type=\"container\" data-e-type=\"container\" data-settings=\"{&quot;background_background&quot;:&quot;classic&quot;,&quot;position&quot;:&quot;absolute&quot;}\">\n\t\t\t\t<div class=\"elementor-element elementor-element-7c42741 elementor-widget elementor-widget-heading\" data-id=\"7c42741\" data-element_type=\"widget\" data-e-type=\"widget\" data-widget_type=\"heading.default\">\n\t\t\t\t\t<h2 class=\"elementor-heading-title elementor-size-default\">AKTUELLE MELDUNGEN<\/h2>\t\t\t\t<\/div>\n\t\t<div class=\"elementor-element elementor-element-377b80e e-con-full e-flex e-con e-child\" data-id=\"377b80e\" data-element_type=\"container\" data-e-type=\"container\" data-settings=\"{&quot;background_background&quot;:&quot;classic&quot;,&quot;position&quot;:&quot;absolute&quot;}\">\n\t\t\t\t<div class=\"elementor-element elementor-element-ef8a263 elementor-absolute elementor-widget elementor-widget-text-editor\" data-id=\"ef8a263\" data-element_type=\"widget\" data-e-type=\"widget\" data-settings=\"{&quot;_position&quot;:&quot;absolute&quot;}\" data-widget_type=\"text-editor.default\">\n\t\t\t\t\t\t\t\t\t<div>Au\u00dferordentliche Schlie\u00dfung der Botschaft am Donnerstag, den 16. April 2026.<br \/>Die Wiederaufnahme des normalen Dienstbetriebs erfolgt am Freitag, den 17. April 2026.<\/div><h6>\u00a0<\/h6><h6><em><strong><a href=\"http:\/\/ambacongo.de\/wp-content\/uploads\/2026\/04\/Fermeture-de-lAmbassade-16042026.pdf\" target=\"_blank\" rel=\"noopener\">Mehr erfahren&#8230;<\/a><\/strong><\/em><\/h6>\t\t\t\t\t\t\t\t<\/div>\n\t\t\t\t<\/div>\n\t\t\t\t<\/div>\n\t\t\t\t<\/div>\n\t\t\t\t<\/div>\n\t\t<div class=\"elementor-element elementor-element-9002785 e-flex e-con-boxed e-con e-parent\" data-id=\"9002785\" data-element_type=\"container\" data-e-type=\"container\" data-settings=\"{&quot;position&quot;:&quot;absolute&quot;}\">\n\t\t\t\t\t<div class=\"e-con-inner\">\n\t\t\t\t<div class=\"elementor-element elementor-element-01898c6 elementor-widget__width-inherit elementor-widget elementor-widget-heading\" data-id=\"01898c6\" data-element_type=\"widget\" data-e-type=\"widget\" data-widget_type=\"heading.default\">\n\t\t\t\t\t<h2 class=\"elementor-heading-title elementor-size-default\">KONSULARISCHE DIENSTLEISTUNGEN<\/h2>\t\t\t\t<\/div>\n\t\t\t\t\t<\/div>\n\t\t\t\t<\/div>\n\t\t<div class=\"elementor-element elementor-element-dea3de3 e-flex e-con-boxed e-con e-parent\" data-id=\"dea3de3\" data-element_type=\"container\" data-e-type=\"container\">\n\t\t\t\t\t<div class=\"e-con-inner\">\n\t\t<div class=\"elementor-element elementor-element-168be9a e-con-full e-flex e-con e-child\" data-id=\"168be9a\" data-element_type=\"container\" data-e-type=\"container\">\n\t\t\t\t<div class=\"elementor-element elementor-element-1fb7239 elementor-view-stacked elementor-shape-rounded elementor-widget elementor-widget-icon\" data-id=\"1fb7239\" data-element_type=\"widget\" data-e-type=\"widget\" data-widget_type=\"icon.default\">\n\t\t\t\t\t\t\t<div class=\"elementor-icon-wrapper\">\n\t\t\t<div class=\"elementor-icon\">\n\t\t\t<svg aria-hidden=\"true\" class=\"e-font-icon-svg e-fas-file-contract\" viewBox=\"0 0 384 512\" xmlns=\"http:\/\/www.w3.org\/2000\/svg\"><path d=\"M224 136V0H24C10.7 0 0 10.7 0 24v464c0 13.3 10.7 24 24 24h336c13.3 0 24-10.7 24-24V160H248c-13.2 0-24-10.8-24-24zM64 72c0-4.42 3.58-8 8-8h80c4.42 0 8 3.58 8 8v16c0 4.42-3.58 8-8 8H72c-4.42 0-8-3.58-8-8V72zm0 64c0-4.42 3.58-8 8-8h80c4.42 0 8 3.58 8 8v16c0 4.42-3.58 8-8 8H72c-4.42 0-8-3.58-8-8v-16zm192.81 248H304c8.84 0 16 7.16 16 16s-7.16 16-16 16h-47.19c-16.45 0-31.27-9.14-38.64-23.86-2.95-5.92-8.09-6.52-10.17-6.52s-7.22.59-10.02 6.19l-7.67 15.34a15.986 15.986 0 0 1-14.31 8.84c-.38 0-.75-.02-1.14-.05-6.45-.45-12-4.75-14.03-10.89L144 354.59l-10.61 31.88c-5.89 17.66-22.38 29.53-41 29.53H80c-8.84 0-16-7.16-16-16s7.16-16 16-16h12.39c4.83 0 9.11-3.08 10.64-7.66l18.19-54.64c3.3-9.81 12.44-16.41 22.78-16.41s19.48 6.59 22.77 16.41l13.88 41.64c19.77-16.19 54.05-9.7 66 14.16 2.02 4.06 5.96 6.5 10.16 6.5zM377 105L279.1 7c-4.5-4.5-10.6-7-17-7H256v128h128v-6.1c0-6.3-2.5-12.4-7-16.9z\"><\/path><\/svg>\t\t\t<\/div>\n\t\t<\/div>\n\t\t\t\t\t\t<\/div>\n\t\t\t\t<div class=\"elementor-element elementor-element-6953bcf elementor-widget elementor-widget-heading\" data-id=\"6953bcf\" data-element_type=\"widget\" data-e-type=\"widget\" data-widget_type=\"heading.default\">\n\t\t\t\t\t<h2 class=\"elementor-heading-title elementor-size-default\">Visa<\/h2>\t\t\t\t<\/div>\n\t\t\t\t<div class=\"elementor-element elementor-element-d3170a9 elementor-widget elementor-widget-heading\" data-id=\"d3170a9\" data-element_type=\"widget\" data-e-type=\"widget\" data-widget_type=\"heading.default\">\n\t\t\t\t\t<h2 class=\"elementor-heading-title elementor-size-default\">Visumantrag <br>Informationen und Verfahren <\/h2>\t\t\t\t<\/div>\n\t\t\t\t<div class=\"elementor-element elementor-element-04922b1 elementor-align-center elementor-widget elementor-widget-button\" data-id=\"04922b1\" data-element_type=\"widget\" data-e-type=\"widget\" data-widget_type=\"button.default\">\n\t\t\t\t\t\t\t\t\t\t<a class=\"elementor-button elementor-button-link elementor-size-sm\" href=\"https:\/\/ambacongo.de\/de\/visumantrag\/\">\n\t\t\t\t\t\t<span class=\"elementor-button-content-wrapper\">\n\t\t\t\t\t\t\t\t\t<span class=\"elementor-button-text\">Visumantrag<\/span>\n\t\t\t\t\t<\/span>\n\t\t\t\t\t<\/a>\n\t\t\t\t\t\t\t\t<\/div>\n\t\t\t\t<\/div>\n\t\t<div class=\"elementor-element elementor-element-b682b2f e-con-full e-flex e-con e-child\" data-id=\"b682b2f\" data-element_type=\"container\" data-e-type=\"container\">\n\t\t\t\t<div class=\"elementor-element elementor-element-fcf5960 elementor-view-stacked elementor-shape-rounded elementor-widget elementor-widget-icon\" data-id=\"fcf5960\" data-element_type=\"widget\" data-e-type=\"widget\" data-widget_type=\"icon.default\">\n\t\t\t\t\t\t\t<div class=\"elementor-icon-wrapper\">\n\t\t\t<div class=\"elementor-icon\">\n\t\t\t<svg aria-hidden=\"true\" class=\"e-font-icon-svg e-far-id-card\" viewBox=\"0 0 576 512\" xmlns=\"http:\/\/www.w3.org\/2000\/svg\"><path d=\"M528 32H48C21.5 32 0 53.5 0 80v352c0 26.5 21.5 48 48 48h480c26.5 0 48-21.5 48-48V80c0-26.5-21.5-48-48-48zm0 400H303.2c.9-4.5.8 3.6.8-22.4 0-31.8-30.1-57.6-67.2-57.6-10.8 0-18.7 8-44.8 8-26.9 0-33.4-8-44.8-8-37.1 0-67.2 25.8-67.2 57.6 0 26-.2 17.9.8 22.4H48V144h480v288zm-168-80h112c4.4 0 8-3.6 8-8v-16c0-4.4-3.6-8-8-8H360c-4.4 0-8 3.6-8 8v16c0 4.4 3.6 8 8 8zm0-64h112c4.4 0 8-3.6 8-8v-16c0-4.4-3.6-8-8-8H360c-4.4 0-8 3.6-8 8v16c0 4.4 3.6 8 8 8zm0-64h112c4.4 0 8-3.6 8-8v-16c0-4.4-3.6-8-8-8H360c-4.4 0-8 3.6-8 8v16c0 4.4 3.6 8 8 8zm-168 96c35.3 0 64-28.7 64-64s-28.7-64-64-64-64 28.7-64 64 28.7 64 64 64z\"><\/path><\/svg>\t\t\t<\/div>\n\t\t<\/div>\n\t\t\t\t\t\t<\/div>\n\t\t\t\t<div class=\"elementor-element elementor-element-835ea5b elementor-widget elementor-widget-heading\" data-id=\"835ea5b\" data-element_type=\"widget\" data-e-type=\"widget\" data-widget_type=\"heading.default\">\n\t\t\t\t\t<h2 class=\"elementor-heading-title elementor-size-default\">P\u00e4sse<\/h2>\t\t\t\t<\/div>\n\t\t\t\t<div class=\"elementor-element elementor-element-159645b elementor-widget elementor-widget-heading\" data-id=\"159645b\" data-element_type=\"widget\" data-e-type=\"widget\" data-widget_type=\"heading.default\">\n\t\t\t\t\t<h2 class=\"elementor-heading-title elementor-size-default\">Die Passabteilung unterst\u00fctzt kongolesische Staatsangeh\u00f6rige bei den Verfahren bez\u00fcglich der Beantragung, Verl\u00e4ngerung und Ausstellung von P\u00e4ssen. Nutzer werden gebeten, die untenstehenden Informationen vor jedem Gang zur Konsularabteilung zu konsultieren. <\/h2>\t\t\t\t<\/div>\n\t\t\t\t<div class=\"elementor-element elementor-element-5a7eddf elementor-align-center elementor-widget elementor-widget-button\" data-id=\"5a7eddf\" data-element_type=\"widget\" data-e-type=\"widget\" data-widget_type=\"button.default\">\n\t\t\t\t\t\t\t\t\t\t<a class=\"elementor-button elementor-button-link elementor-size-sm\" href=\"https:\/\/ambacongo.de\/de\/paesse\/\">\n\t\t\t\t\t\t<span class=\"elementor-button-content-wrapper\">\n\t\t\t\t\t\t\t\t\t<span class=\"elementor-button-text\">PASSABTEILUNG<\/span>\n\t\t\t\t\t<\/span>\n\t\t\t\t\t<\/a>\n\t\t\t\t\t\t\t\t<\/div>\n\t\t\t\t<\/div>\n\t\t<div class=\"elementor-element elementor-element-732e99c e-con-full e-flex e-con e-child\" data-id=\"732e99c\" data-element_type=\"container\" data-e-type=\"container\">\n\t\t\t\t<div class=\"elementor-element elementor-element-511a9af elementor-view-stacked elementor-shape-rounded elementor-widget elementor-widget-icon\" data-id=\"511a9af\" data-element_type=\"widget\" data-e-type=\"widget\" data-widget_type=\"icon.default\">\n\t\t\t\t\t\t\t<div class=\"elementor-icon-wrapper\">\n\t\t\t<div class=\"elementor-icon\">\n\t\t\t<svg aria-hidden=\"true\" class=\"e-font-icon-svg e-far-file-archive\" viewBox=\"0 0 384 512\" xmlns=\"http:\/\/www.w3.org\/2000\/svg\"><path d=\"M128.3 160v32h32v-32zm64-96h-32v32h32zm-64 32v32h32V96zm64 32h-32v32h32zm177.6-30.1L286 14C277 5 264.8-.1 252.1-.1H48C21.5 0 0 21.5 0 48v416c0 26.5 21.5 48 48 48h288c26.5 0 48-21.5 48-48V131.9c0-12.7-5.1-25-14.1-34zM256 51.9l76.1 76.1H256zM336 464H48V48h79.7v16h32V48H208v104c0 13.3 10.7 24 24 24h104zM194.2 265.7c-1.1-5.6-6-9.7-11.8-9.7h-22.1v-32h-32v32l-19.7 97.1C102 385.6 126.8 416 160 416c33.1 0 57.9-30.2 51.5-62.6zm-33.9 124.4c-17.9 0-32.4-12.1-32.4-27s14.5-27 32.4-27 32.4 12.1 32.4 27-14.5 27-32.4 27zm32-198.1h-32v32h32z\"><\/path><\/svg>\t\t\t<\/div>\n\t\t<\/div>\n\t\t\t\t\t\t<\/div>\n\t\t\t\t<div class=\"elementor-element elementor-element-c4ceb72 elementor-widget elementor-widget-heading\" data-id=\"c4ceb72\" data-element_type=\"widget\" data-e-type=\"widget\" data-widget_type=\"heading.default\">\n\t\t\t\t\t<h2 class=\"elementor-heading-title elementor-size-default\">LEGALISIERUNG UND BESCHEINIGUNGEN<\/h2>\t\t\t\t<\/div>\n\t\t\t\t<div class=\"elementor-element elementor-element-a59317c elementor-widget elementor-widget-heading\" data-id=\"a59317c\" data-element_type=\"widget\" data-e-type=\"widget\" data-widget_type=\"heading.default\">\n\t\t\t\t\t<h2 class=\"elementor-heading-title elementor-size-default\">Beglaubigung von Dokumenten, Zertifikaten, konsularische Unterst\u00fctzung und andere administrative Akte<\/h2>\t\t\t\t<\/div>\n\t\t\t\t<div class=\"elementor-element elementor-element-cd5c95c elementor-align-center elementor-tablet-align-center elementor-widget elementor-widget-button\" data-id=\"cd5c95c\" data-element_type=\"widget\" data-e-type=\"widget\" data-widget_type=\"button.default\">\n\t\t\t\t\t\t\t\t\t\t<a class=\"elementor-button elementor-button-link elementor-size-sm\" href=\"https:\/\/ambacongo.de\/de\/legalisierung-von-dokumenten-und-konsularischen-bescheinigungen\/\">\n\t\t\t\t\t\t<span class=\"elementor-button-content-wrapper\">\n\t\t\t\t\t\t\t\t\t<span class=\"elementor-button-text\">LEGALISIERUNG UND BESCHEINIGUNGEN<\/span>\n\t\t\t\t\t<\/span>\n\t\t\t\t\t<\/a>\n\t\t\t\t\t\t\t\t<\/div>\n\t\t\t\t<\/div>\n\t\t\t\t\t<\/div>\n\t\t\t\t<\/div>\n\t\t\t\t<\/div>\n\t\t","protected":false},"excerpt":{"rendered":"<p>AKTUELLE MELDUNGEN Au\u00dferordentliche Schlie\u00dfung der Botschaft am Donnerstag, den 16. April 2026.Die Wiederaufnahme des normalen Dienstbetriebs erfolgt am Freitag, den [&hellip;]<\/p>\n","protected":false},"author":1,"featured_media":0,"parent":0,"menu_order":0,"comment_status":"closed","ping_status":"closed","template":"elementor_header_footer","meta":{"site-sidebar-layout":"no-sidebar","site-content-layout":"","ast-site-content-layout":"full-width-container","site-content-style":"default","site-sidebar-style":"default","ast-global-header-display":"","ast-banner-title-visibility":"","ast-main-header-display":"","ast-hfb-above-header-display":"","ast-hfb-below-header-display":"","ast-hfb-mobile-header-display":"","site-post-title":"disabled","ast-breadcrumbs-content":"","ast-featured-img":"disabled","footer-sml-layout":"","ast-disable-related-posts":"","theme-transparent-header-meta":"","adv-header-id-meta":"","stick-header-meta":"","header-above-stick-meta":"","header-main-stick-meta":"","header-below-stick-meta":"","astra-migrate-meta-layouts":"default","ast-page-background-enabled":"default","ast-page-background-meta":{"desktop":{"background-color":"var(--ast-global-color-5)","background-image":"","background-repeat":"repeat","background-position":"center center","background-size":"auto","background-attachment":"scroll","background-type":"","background-media":"","overlay-type":"","overlay-color":"","overlay-opacity":"","overlay-gradient":""},"tablet":{"background-color":"","background-image":"","background-repeat":"repeat","background-position":"center center","background-size":"auto","background-attachment":"scroll","background-type":"","background-media":"","overlay-type":"","overlay-color":"","overlay-opacity":"","overlay-gradient":""},"mobile":{"background-color":"","background-image":"","background-repeat":"repeat","background-position":"center center","background-size":"auto","background-attachment":"scroll","background-type":"","background-media":"","overlay-type":"","overlay-color":"","overlay-opacity":"","overlay-gradient":""}},"ast-content-background-meta":{"desktop":{"background-color":"var(--ast-global-color-4)","background-image":"","background-repeat":"repeat","background-position":"center center","background-size":"auto","background-attachment":"scroll","background-type":"","background-media":"","overlay-type":"","overlay-color":"","overlay-opacity":"","overlay-gradient":""},"tablet":{"background-color":"var(--ast-global-color-4)","background-image":"","background-repeat":"repeat","background-position":"center center","background-size":"auto","background-attachment":"scroll","background-type":"","background-media":"","overlay-type":"","overlay-color":"","overlay-opacity":"","overlay-gradient":""},"mobile":{"background-color":"var(--ast-global-color-4)","background-image":"","background-repeat":"repeat","background-position":"center center","background-size":"auto","background-attachment":"scroll","background-type":"","background-media":"","overlay-type":"","overlay-color":"","overlay-opacity":"","overlay-gradient":""}},"footnotes":""},"class_list":["post-756","page","type-page","status-publish","hentry"],"yoast_head":"<!-- This site is optimized with the Yoast SEO plugin v27.4 - https:\/\/yoast.com\/product\/yoast-seo-wordpress\/ -->\n<title>Startseite - AMBASSADE DU CONGO EN ALLEMAGNE<\/title>\n<meta name=\"description\" content=\"Offizielle Website der Botschaft der Republik Kongo in Deutschland: konsularische Dienstleistungen, P\u00e4sse, Visa, Unterst\u00fctzung f\u00fcr Staatsangeh\u00f6rige und diplomatische Beziehungen zwischen Kongo und Deutschland.\" \/>\n<meta name=\"robots\" content=\"index, follow, max-snippet:-1, max-image-preview:large, max-video-preview:-1\" \/>\n<link rel=\"canonical\" href=\"https:\/\/ambacongo.de\/de\/\" \/>\n<meta property=\"og:locale\" content=\"de_DE\" \/>\n<meta property=\"og:type\" content=\"article\" \/>\n<meta property=\"og:title\" content=\"Startseite - AMBASSADE DU CONGO EN ALLEMAGNE\" \/>\n<meta property=\"og:description\" content=\"Offizielle Website der Botschaft der Republik Kongo in Deutschland: konsularische Dienstleistungen, P\u00e4sse, Visa, Unterst\u00fctzung f\u00fcr Staatsangeh\u00f6rige und diplomatische Beziehungen zwischen Kongo und Deutschland.\" \/>\n<meta property=\"og:url\" content=\"https:\/\/ambacongo.de\/de\/\" \/>\n<meta property=\"og:site_name\" content=\"AMBASSADE DU CONGO EN ALLEMAGNE\" \/>\n<meta property=\"article:publisher\" content=\"https:\/\/www.facebook.com\/profile.php?id=61551694221055&amp;locale=fr_FR\" \/>\n<meta property=\"article:modified_time\" content=\"2026-04-20T08:10:39+00:00\" \/>\n<meta name=\"twitter:card\" content=\"summary_large_image\" \/>\n<meta name=\"twitter:site\" content=\"@CongoAllemagne\" \/>\n<meta name=\"twitter:label1\" content=\"Gesch\u00e4tzte Lesezeit\" \/>\n\t<meta name=\"twitter:data1\" content=\"1\u00a0Minute\" \/>\n<script type=\"application\/ld+json\" class=\"yoast-schema-graph\">{\"@context\":\"https:\\\/\\\/schema.org\",\"@graph\":[{\"@type\":\"WebPage\",\"@id\":\"https:\\\/\\\/ambacongo.de\\\/de\\\/\",\"url\":\"https:\\\/\\\/ambacongo.de\\\/de\\\/\",\"name\":\"Startseite - AMBASSADE DU CONGO EN ALLEMAGNE\",\"isPartOf\":{\"@id\":\"https:\\\/\\\/ambacongo.de\\\/#website\"},\"datePublished\":\"2026-04-05T20:22:09+00:00\",\"dateModified\":\"2026-04-20T08:10:39+00:00\",\"description\":\"Offizielle Website der Botschaft der Republik Kongo in Deutschland: konsularische Dienstleistungen, P\u00e4sse, Visa, Unterst\u00fctzung f\u00fcr Staatsangeh\u00f6rige und diplomatische Beziehungen zwischen Kongo und Deutschland.\",\"breadcrumb\":{\"@id\":\"https:\\\/\\\/ambacongo.de\\\/de\\\/#breadcrumb\"},\"inLanguage\":\"de\",\"potentialAction\":[{\"@type\":\"ReadAction\",\"target\":[\"https:\\\/\\\/ambacongo.de\\\/de\\\/\"]}]},{\"@type\":\"BreadcrumbList\",\"@id\":\"https:\\\/\\\/ambacongo.de\\\/de\\\/#breadcrumb\",\"itemListElement\":[{\"@type\":\"ListItem\",\"position\":1,\"name\":\"Accueil\",\"item\":\"https:\\\/\\\/ambacongo.de\\\/de\\\/\"},{\"@type\":\"ListItem\",\"position\":2,\"name\":\"Startseite\"}]},{\"@type\":\"WebSite\",\"@id\":\"https:\\\/\\\/ambacongo.de\\\/#website\",\"url\":\"https:\\\/\\\/ambacongo.de\\\/\",\"name\":\"Ambassade de la R\u00e9publique du Congo en Allemagne\",\"description\":\"\",\"publisher\":{\"@id\":\"https:\\\/\\\/ambacongo.de\\\/#organization\"},\"potentialAction\":[{\"@type\":\"SearchAction\",\"target\":{\"@type\":\"EntryPoint\",\"urlTemplate\":\"https:\\\/\\\/ambacongo.de\\\/?s={search_term_string}\"},\"query-input\":{\"@type\":\"PropertyValueSpecification\",\"valueRequired\":true,\"valueName\":\"search_term_string\"}}],\"inLanguage\":\"de\"},{\"@type\":\"Organization\",\"@id\":\"https:\\\/\\\/ambacongo.de\\\/#organization\",\"name\":\"Ambassade de la R\u00e9publique du Congo en Allemagne\",\"alternateName\":\"Ambassade du Congo Brazzaville en Allemagne\",\"url\":\"https:\\\/\\\/ambacongo.de\\\/\",\"logo\":{\"@type\":\"ImageObject\",\"inLanguage\":\"de\",\"@id\":\"https:\\\/\\\/ambacongo.de\\\/#\\\/schema\\\/logo\\\/image\\\/\",\"url\":\"http:\\\/\\\/ambacongo.de\\\/wp-content\\\/uploads\\\/2026\\\/03\\\/IMG_5515.jpg\",\"contentUrl\":\"http:\\\/\\\/ambacongo.de\\\/wp-content\\\/uploads\\\/2026\\\/03\\\/IMG_5515.jpg\",\"width\":1920,\"height\":1882,\"caption\":\"Ambassade de la R\u00e9publique du Congo en Allemagne\"},\"image\":{\"@id\":\"https:\\\/\\\/ambacongo.de\\\/#\\\/schema\\\/logo\\\/image\\\/\"},\"sameAs\":[\"https:\\\/\\\/www.facebook.com\\\/profile.php?id=61551694221055&locale=fr_FR\",\"https:\\\/\\\/x.com\\\/CongoAllemagne\",\"https:\\\/\\\/www.linkedin.com\\\/company\\\/amabassade-du-congo-en-allemagne\\\/\"]}]}<\/script>\n<!-- \/ Yoast SEO plugin. -->","yoast_head_json":{"title":"Startseite - AMBASSADE DU CONGO EN ALLEMAGNE","description":"Offizielle Website der Botschaft der Republik Kongo in Deutschland: konsularische Dienstleistungen, P\u00e4sse, Visa, Unterst\u00fctzung f\u00fcr Staatsangeh\u00f6rige und diplomatische Beziehungen zwischen Kongo und Deutschland.","robots":{"index":"index","follow":"follow","max-snippet":"max-snippet:-1","max-image-preview":"max-image-preview:large","max-video-preview":"max-video-preview:-1"},"canonical":"https:\/\/ambacongo.de\/de\/","og_locale":"de_DE","og_type":"article","og_title":"Startseite - AMBASSADE DU CONGO EN ALLEMAGNE","og_description":"Offizielle Website der Botschaft der Republik Kongo in Deutschland: konsularische Dienstleistungen, P\u00e4sse, Visa, Unterst\u00fctzung f\u00fcr Staatsangeh\u00f6rige und diplomatische Beziehungen zwischen Kongo und Deutschland.","og_url":"https:\/\/ambacongo.de\/de\/","og_site_name":"AMBASSADE DU CONGO EN ALLEMAGNE","article_publisher":"https:\/\/www.facebook.com\/profile.php?id=61551694221055&locale=fr_FR","article_modified_time":"2026-04-20T08:10:39+00:00","twitter_card":"summary_large_image","twitter_site":"@CongoAllemagne","twitter_misc":{"Gesch\u00e4tzte Lesezeit":"1\u00a0Minute"},"schema":{"@context":"https:\/\/schema.org","@graph":[{"@type":"WebPage","@id":"https:\/\/ambacongo.de\/de\/","url":"https:\/\/ambacongo.de\/de\/","name":"Startseite - AMBASSADE DU CONGO EN ALLEMAGNE","isPartOf":{"@id":"https:\/\/ambacongo.de\/#website"},"datePublished":"2026-04-05T20:22:09+00:00","dateModified":"2026-04-20T08:10:39+00:00","description":"Offizielle Website der Botschaft der Republik Kongo in Deutschland: konsularische Dienstleistungen, P\u00e4sse, Visa, Unterst\u00fctzung f\u00fcr Staatsangeh\u00f6rige und diplomatische Beziehungen zwischen Kongo und Deutschland.","breadcrumb":{"@id":"https:\/\/ambacongo.de\/de\/#breadcrumb"},"inLanguage":"de","potentialAction":[{"@type":"ReadAction","target":["https:\/\/ambacongo.de\/de\/"]}]},{"@type":"BreadcrumbList","@id":"https:\/\/ambacongo.de\/de\/#breadcrumb","itemListElement":[{"@type":"ListItem","position":1,"name":"Accueil","item":"https:\/\/ambacongo.de\/de\/"},{"@type":"ListItem","position":2,"name":"Startseite"}]},{"@type":"WebSite","@id":"https:\/\/ambacongo.de\/#website","url":"https:\/\/ambacongo.de\/","name":"Ambassade de la R\u00e9publique du Congo en Allemagne","description":"","publisher":{"@id":"https:\/\/ambacongo.de\/#organization"},"potentialAction":[{"@type":"SearchAction","target":{"@type":"EntryPoint","urlTemplate":"https:\/\/ambacongo.de\/?s={search_term_string}"},"query-input":{"@type":"PropertyValueSpecification","valueRequired":true,"valueName":"search_term_string"}}],"inLanguage":"de"},{"@type":"Organization","@id":"https:\/\/ambacongo.de\/#organization","name":"Ambassade de la R\u00e9publique du Congo en Allemagne","alternateName":"Ambassade du Congo Brazzaville en Allemagne","url":"https:\/\/ambacongo.de\/","logo":{"@type":"ImageObject","inLanguage":"de","@id":"https:\/\/ambacongo.de\/#\/schema\/logo\/image\/","url":"http:\/\/ambacongo.de\/wp-content\/uploads\/2026\/03\/IMG_5515.jpg","contentUrl":"http:\/\/ambacongo.de\/wp-content\/uploads\/2026\/03\/IMG_5515.jpg","width":1920,"height":1882,"caption":"Ambassade de la R\u00e9publique du Congo en Allemagne"},"image":{"@id":"https:\/\/ambacongo.de\/#\/schema\/logo\/image\/"},"sameAs":["https:\/\/www.facebook.com\/profile.php?id=61551694221055&locale=fr_FR","https:\/\/x.com\/CongoAllemagne","https:\/\/www.linkedin.com\/company\/amabassade-du-congo-en-allemagne\/"]}]}},"_links":{"self":[{"href":"http:\/\/ambacongo.de\/de\/wp-json\/wp\/v2\/pages\/756","targetHints":{"allow":["GET"]}}],"collection":[{"href":"http:\/\/ambacongo.de\/de\/wp-json\/wp\/v2\/pages"}],"about":[{"href":"http:\/\/ambacongo.de\/de\/wp-json\/wp\/v2\/types\/page"}],"author":[{"embeddable":true,"href":"http:\/\/ambacongo.de\/de\/wp-json\/wp\/v2\/users\/1"}],"replies":[{"embeddable":true,"href":"http:\/\/ambacongo.de\/de\/wp-json\/wp\/v2\/comments?post=756"}],"version-history":[{"count":59,"href":"http:\/\/ambacongo.de\/de\/wp-json\/wp\/v2\/pages\/756\/revisions"}],"predecessor-version":[{"id":1566,"href":"http:\/\/ambacongo.de\/de\/wp-json\/wp\/v2\/pages\/756\/revisions\/1566"}],"wp:attachment":[{"href":"http:\/\/ambacongo.de\/de\/wp-json\/wp\/v2\/media?parent=756"}],"curies":[{"name":"wp","href":"https:\/\/api.w.org\/{rel}","templated":true}]}}